{"id":874,"date":"2019-01-01T10:31:37","date_gmt":"2019-01-01T12:31:37","guid":{"rendered":"http:\/\/camarabaependi.mg.gov.br\/v2\/?page_id=874"},"modified":"2022-03-25T11:10:05","modified_gmt":"2022-03-25T11:10:05","slug":"publicacoes-2012","status":"publish","type":"page","link":"https:\/\/camarabaependi.mg.gov.br\/v4\/publicacoes-2012\/","title":{"rendered":"Publica\u00e7\u00f5es 2012"},"content":{"rendered":"<div id=\"tdi_1\" class=\"tdc-row\"><div class=\"vc_row tdi_2  wpb_row td-pb-row\" >\n<style scoped>\n\n\/* custom css *\/\n.tdi_2,\r\n                .tdi_2 .tdc-columns{\r\n                    min-height: 0;\r\n                }.tdi_2,\r\n\t\t\t\t.tdi_2 .tdc-columns{\r\n\t\t\t\t    display: block;\r\n\t\t\t\t}.tdi_2 .tdc-columns{\r\n\t\t\t\t    width: 100%;\r\n\t\t\t\t}\n<\/style><div class=\"vc_column tdi_4  wpb_column vc_column_container tdc-column td-pb-span8\">\n<style scoped>\n\n\/* custom css *\/\n.tdi_4{\r\n                    vertical-align: baseline;\r\n                }.tdi_4 > .wpb_wrapper,\r\n\t\t\t\t.tdi_4 > .wpb_wrapper > .tdc-elements{\r\n\t\t\t\t    display: block;\r\n\t\t\t\t}.tdi_4 > .wpb_wrapper > .tdc-elements{\r\n\t\t\t\t    width: 100%;\r\n\t\t\t\t}.tdi_4 > .wpb_wrapper > .vc_row_inner{\r\n\t\t\t\t    width: auto;\r\n\t\t\t\t}.tdi_4 > .wpb_wrapper{\r\n\t\t\t\t    width: auto;\r\n\t\t\t\t    height: auto;\r\n\t\t\t\t}\n<\/style><div class=\"wpb_wrapper\" ><div class=\"wpb_wrapper td_block_empty_space td_block_wrap vc_empty_space tdi_6 \"  style=\"height: 25px\"><\/div>[vc_text_separator title=&#8221;PUBLICA\u00c7\u00d5ES &#8211; 2012&#8243; title_align=&#8221;separator_align_left&#8221; align=&#8221;align_left&#8221;][vc_column_text]<div class=\"wpfb-file-536\" onclick=\"if('undefined' == typeof event.target.href) document.getElementById('wpfb-file-link-1').click();\"\r\n  style=\"background: #eee; box-shadow: 1px 1px 1px  #CCC; max-width: 100%; margin: auto; cursor:pointer; margin: 1.5em;\">\r\n\r\n<div style=\"padding: 1em; display: flex;\">\r\n  <a href=\"https:\/\/camarabaependi.mg.gov.br\/v4\/download\/publicacoes-2012\/Edital%20de%20Licita\u00e7\u00e3o%20n%20042012%20-%20Novo.pdf\" target=\"_blank\" title=\"Download Edital De Licita\u00e7\u00e3o N 042012 - Novo\" style=\"text-decoration: none; box-shadow: none;\" id=\"wpfb-file-link-1\"><img align=\"middle\" src=\"https:\/\/camarabaependi.mg.gov.br\/v4\/wp-includes\/images\/crystal\/document.png\" alt=\"Edital De Licita\u00e7\u00e3o N 042012 - Novo\" style=\"max-width:5em;\" \/><\/a>\r\n  <div style=\"margin-left:1em;\">\r\n    <span style=\"font-size:1.0em;\">Edital De Licita\u00e7\u00e3o N 042012 - Novo<\/span>  <br \/>\r\n    \r\n       \r\n  <\/div>\r\n  \r\n<\/div>\r\n\r\n \r\n  <div class=\"details\" id=\"wpfilebase-filedetails1\" style=\"display: none; background-color: #ccc; padding: 1em;\">\r\n  \r\n  <table border=\"0\">\r\n   <tr><td><strong>File Name<\/strong><\/td><td>Edital de Licita\u00e7\u00e3o n 042012 - Novo.pdf<\/td><\/tr>\r\n   \r\n   \r\n   \r\n   \r\n   <tr><td><strong>Categoria:<\/strong><\/td><td>Publicacoes-2012<\/td><\/tr>\r\n   \r\n   <tr><td><strong>Data<\/strong><\/td><td>16\/03\/2022<\/td><\/tr>\r\n  <\/table>\r\n      \r\n<div style=\"clear: both;\"><\/div>\r\n  <\/div>\r\n <div style=\"clear: both;\"><\/div>\r\n<\/div><div class=\"wpfb-file-535\" onclick=\"if('undefined' == typeof event.target.href) document.getElementById('wpfb-file-link-2').click();\"\r\n  style=\"background: #eee; box-shadow: 1px 1px 1px  #CCC; max-width: 100%; margin: auto; cursor:pointer; margin: 1.5em;\">\r\n\r\n<div style=\"padding: 1em; display: flex;\">\r\n  <a href=\"https:\/\/camarabaependi.mg.gov.br\/v4\/download\/publicacoes-2012\/Edital%20de%20Licita\u00e7\u00e3o%20n%20032012.pdf\" target=\"_blank\" title=\"Download Edital De Licita\u00e7\u00e3o N 032012\" style=\"text-decoration: none; box-shadow: none;\" id=\"wpfb-file-link-2\"><img align=\"middle\" src=\"https:\/\/camarabaependi.mg.gov.br\/v4\/wp-includes\/images\/crystal\/document.png\" alt=\"Edital De Licita\u00e7\u00e3o N 032012\" style=\"max-width:5em;\" \/><\/a>\r\n  <div style=\"margin-left:1em;\">\r\n    <span style=\"font-size:1.0em;\">Edital De Licita\u00e7\u00e3o N 032012<\/span>  <br \/>\r\n    \r\n       \r\n  <\/div>\r\n  \r\n<\/div>\r\n\r\n \r\n  <div class=\"details\" id=\"wpfilebase-filedetails2\" style=\"display: none; background-color: #ccc; padding: 1em;\">\r\n  \r\n  <table border=\"0\">\r\n   <tr><td><strong>File Name<\/strong><\/td><td>Edital de Licita\u00e7\u00e3o n 032012.pdf<\/td><\/tr>\r\n   \r\n   \r\n   \r\n   \r\n   <tr><td><strong>Categoria:<\/strong><\/td><td>Publicacoes-2012<\/td><\/tr>\r\n   \r\n   <tr><td><strong>Data<\/strong><\/td><td>16\/03\/2022<\/td><\/tr>\r\n  <\/table>\r\n      \r\n<div style=\"clear: both;\"><\/div>\r\n  <\/div>\r\n <div style=\"clear: both;\"><\/div>\r\n<\/div><div class=\"wpfb-file-534\" onclick=\"if('undefined' == typeof event.target.href) document.getElementById('wpfb-file-link-3').click();\"\r\n  style=\"background: #eee; box-shadow: 1px 1px 1px  #CCC; max-width: 100%; margin: auto; cursor:pointer; margin: 1.5em;\">\r\n\r\n<div style=\"padding: 1em; display: flex;\">\r\n  <a href=\"https:\/\/camarabaependi.mg.gov.br\/v4\/download\/publicacoes-2012\/Edital%20de%20Licita\u00e7\u00e3o%20n%20022012.pdf\" target=\"_blank\" title=\"Download Edital De Licita\u00e7\u00e3o N 022012\" style=\"text-decoration: none; box-shadow: none;\" id=\"wpfb-file-link-3\"><img align=\"middle\" src=\"https:\/\/camarabaependi.mg.gov.br\/v4\/wp-includes\/images\/crystal\/document.png\" alt=\"Edital De Licita\u00e7\u00e3o N 022012\" style=\"max-width:5em;\" \/><\/a>\r\n  <div style=\"margin-left:1em;\">\r\n    <span style=\"font-size:1.0em;\">Edital De Licita\u00e7\u00e3o N 022012<\/span>  <br \/>\r\n    \r\n       \r\n  <\/div>\r\n  \r\n<\/div>\r\n\r\n \r\n  <div class=\"details\" id=\"wpfilebase-filedetails3\" style=\"display: none; background-color: #ccc; padding: 1em;\">\r\n  \r\n  <table border=\"0\">\r\n   <tr><td><strong>File Name<\/strong><\/td><td>Edital de Licita\u00e7\u00e3o n 022012.pdf<\/td><\/tr>\r\n   \r\n   \r\n   \r\n   \r\n   <tr><td><strong>Categoria:<\/strong><\/td><td>Publicacoes-2012<\/td><\/tr>\r\n   \r\n   <tr><td><strong>Data<\/strong><\/td><td>16\/03\/2022<\/td><\/tr>\r\n  <\/table>\r\n      \r\n<div style=\"clear: both;\"><\/div>\r\n  <\/div>\r\n <div style=\"clear: both;\"><\/div>\r\n<\/div><div class=\"wpfb-file-533\" onclick=\"if('undefined' == typeof event.target.href) document.getElementById('wpfb-file-link-4').click();\"\r\n  style=\"background: #eee; box-shadow: 1px 1px 1px  #CCC; max-width: 100%; margin: auto; cursor:pointer; margin: 1.5em;\">\r\n\r\n<div style=\"padding: 1em; display: flex;\">\r\n  <a href=\"https:\/\/camarabaependi.mg.gov.br\/v4\/download\/publicacoes-2012\/Edital%20de%20Licita\u00e7\u00e3o%20n%20012012.pdf\" target=\"_blank\" title=\"Download Edital De Licita\u00e7\u00e3o N 012012\" style=\"text-decoration: none; box-shadow: none;\" id=\"wpfb-file-link-4\"><img align=\"middle\" src=\"https:\/\/camarabaependi.mg.gov.br\/v4\/wp-includes\/images\/crystal\/document.png\" alt=\"Edital De Licita\u00e7\u00e3o N 012012\" style=\"max-width:5em;\" \/><\/a>\r\n  <div style=\"margin-left:1em;\">\r\n    <span style=\"font-size:1.0em;\">Edital De Licita\u00e7\u00e3o N 012012<\/span>  <br \/>\r\n    \r\n       \r\n  <\/div>\r\n  \r\n<\/div>\r\n\r\n \r\n  <div class=\"details\" id=\"wpfilebase-filedetails4\" style=\"display: none; background-color: #ccc; padding: 1em;\">\r\n  \r\n  <table border=\"0\">\r\n   <tr><td><strong>File Name<\/strong><\/td><td>Edital de Licita\u00e7\u00e3o n 012012.pdf<\/td><\/tr>\r\n   \r\n   \r\n   \r\n   \r\n   <tr><td><strong>Categoria:<\/strong><\/td><td>Publicacoes-2012<\/td><\/tr>\r\n   \r\n   <tr><td><strong>Data<\/strong><\/td><td>16\/03\/2022<\/td><\/tr>\r\n  <\/table>\r\n      \r\n<div style=\"clear: both;\"><\/div>\r\n  <\/div>\r\n <div style=\"clear: both;\"><\/div>\r\n<\/div>[\/vc_column_text]<\/div><\/div><div class=\"vc_column tdi_8  wpb_column vc_column_container tdc-column td-pb-span4\">\n<style scoped>\n\n\/* custom css *\/\n.tdi_8{\r\n                    vertical-align: baseline;\r\n                }.tdi_8 > .wpb_wrapper,\r\n\t\t\t\t.tdi_8 > .wpb_wrapper > .tdc-elements{\r\n\t\t\t\t    display: block;\r\n\t\t\t\t}.tdi_8 > .wpb_wrapper > .tdc-elements{\r\n\t\t\t\t    width: 100%;\r\n\t\t\t\t}.tdi_8 > .wpb_wrapper > .vc_row_inner{\r\n\t\t\t\t    width: auto;\r\n\t\t\t\t}.tdi_8 > .wpb_wrapper{\r\n\t\t\t\t    width: auto;\r\n\t\t\t\t    height: auto;\r\n\t\t\t\t}\n<\/style><div class=\"wpb_wrapper\" ><div class=\"wpb_wrapper td_block_empty_space td_block_wrap vc_empty_space tdi_10 \"  style=\"height: 25px\"><\/div><div class=\"wpb_wrapper td_block_wrap vc_widget_sidebar tdi_12 \" ><aside id=\"block-2\" class=\"td_block_template_1 widget block-2 widget_block widget_rss\"><ul class=\"wp-block-rss\"><li class='wp-block-rss__item'><div class='wp-block-rss__item-title'><a href='https:\/\/g1.globo.com\/sp\/campinas-regiao\/e-pra-cantar\/noticia\/2026\/05\/02\/autora-de-dormi-na-praca-cria-musica-inedita-em-12-minutos-durante-entrevista-veja.ghtml'>Autora de &#039;Dormi na Pra\u00e7a&#039; cria m\u00fasica in\u00e9dita em 12 minutos durante entrevista; veja<\/a><\/div><time datetime=\"\" class=\"wp-block-rss__item-publish-date\">2 de maio de 2026<\/time> <\/li><li class='wp-block-rss__item'><div class='wp-block-rss__item-title'><a href='https:\/\/g1.globo.com\/sp\/campinas-regiao\/e-pra-cantar\/noticia\/2026\/05\/02\/atraso-de-7-horas-e-bebedeira-a-historia-da-briga-que-criou-muda-de-vida-sucesso-de-zeze-di-camargo-e-luciano.ghtml'>Atraso de 7 horas e bebedeira: a hist\u00f3ria da briga que criou &#039;Muda de Vida&#039;, sucesso de Zez\u00e9 di Camargo e Luciano<\/a><\/div><time datetime=\"\" class=\"wp-block-rss__item-publish-date\">2 de maio de 2026<\/time> <\/li><li class='wp-block-rss__item'><div class='wp-block-rss__item-title'><a href='https:\/\/g1.globo.com\/mg\/sul-de-minas\/noticia\/2026\/05\/02\/conheca-a-cidade-mineira-onde-casas-e-carros-ficam-destrancados-e-nao-ha-homicidio-ha-38-anos.ghtml'>Conhe\u00e7a a cidade mineira onde casas e carros ficam destrancados e n\u00e3o h\u00e1 homic\u00eddio h\u00e1 38 anos<\/a><\/div><time datetime=\"\" class=\"wp-block-rss__item-publish-date\">2 de maio de 2026<\/time> <\/li><li class='wp-block-rss__item'><div class='wp-block-rss__item-title'><a href='https:\/\/g1.globo.com\/mg\/sul-de-minas\/edicao\/2026\/05\/01\/videos-eptv-2-sul-de-minas-de-sexta-feira-1-de-maio-de-2026.ghtml'>V\u00cdDEOS: EPTV 2 Sul de Minas de sexta-feira, 1\u00ba de maio de 2026<\/a><\/div><time datetime=\"\" class=\"wp-block-rss__item-publish-date\">1 de maio de 2026<\/time> <\/li><li class='wp-block-rss__item'><div class='wp-block-rss__item-title'><a href='https:\/\/g1.globo.com\/mg\/sul-de-minas\/noticia\/2026\/05\/01\/ocorrencias-transito.ghtml'>Carreta pega fogo e interdita avenida em Pouso Alegre, MG<\/a><\/div><time datetime=\"\" class=\"wp-block-rss__item-publish-date\">1 de maio de 2026<\/time> <\/li><li class='wp-block-rss__item'><div class='wp-block-rss__item-title'><a href='https:\/\/g1.globo.com\/mg\/sul-de-minas\/edicao\/2026\/05\/01\/videos-eptv-1-sul-de-minas-de-sexta-feira-1-de-maio-de-2026.ghtml'>V\u00cdDEOS: EPTV 1 Sul de Minas de sexta-feira, 1\u00ba de maio de 2026<\/a><\/div><time datetime=\"\" class=\"wp-block-rss__item-publish-date\">1 de maio de 2026<\/time> <\/li><\/ul><\/aside><\/div><\/div><\/div><\/div><\/div>","protected":false},"excerpt":{"rendered":"\/* custom css *\/ .tdi_14, .tdi_14 .tdc-columns{ min-height: 0; }.tdi_14, .tdi_14 .tdc-columns{ display: block; }.tdi_14 .tdc-columns{ width: 100%; } \/* custom css *\/ .tdi_16{ vertical-align: baseline; }.tdi_16 > .wpb_wrapper, .tdi_16 > .wpb_wrapper > .tdc-elements{ display: block; }.tdi_16 > .wpb_wrapper > .tdc-elements{ width: 100%; }.tdi_16 > .wpb_wrapper > .vc_row_inner{ width: auto; }.tdi_16 > .wpb_wrapper{ width: auto; [...]","protected":false},"author":1,"featured_media":0,"parent":0,"menu_order":0,"comment_status":"closed","ping_status":"closed","template":"","meta":[],"_links":{"self":[{"href":"https:\/\/camarabaependi.mg.gov.br\/v4\/wp-json\/wp\/v2\/pages\/874"}],"collection":[{"href":"https:\/\/camarabaependi.mg.gov.br\/v4\/wp-json\/wp\/v2\/pages"}],"about":[{"href":"https:\/\/camarabaependi.mg.gov.br\/v4\/wp-json\/wp\/v2\/types\/page"}],"author":[{"embeddable":true,"href":"https:\/\/camarabaependi.mg.gov.br\/v4\/wp-json\/wp\/v2\/users\/1"}],"replies":[{"embeddable":true,"href":"https:\/\/camarabaependi.mg.gov.br\/v4\/wp-json\/wp\/v2\/comments?post=874"}],"version-history":[{"count":3,"href":"https:\/\/camarabaependi.mg.gov.br\/v4\/wp-json\/wp\/v2\/pages\/874\/revisions"}],"predecessor-version":[{"id":7731,"href":"https:\/\/camarabaependi.mg.gov.br\/v4\/wp-json\/wp\/v2\/pages\/874\/revisions\/7731"}],"wp:attachment":[{"href":"https:\/\/camarabaependi.mg.gov.br\/v4\/wp-json\/wp\/v2\/media?parent=874"}],"curies":[{"name":"wp","href":"https:\/\/api.w.org\/{rel}","templated":true}]}}