{"id":8489,"date":"2026-01-06T14:57:15","date_gmt":"2026-01-06T14:57:15","guid":{"rendered":"https:\/\/camarabaependi.mg.gov.br\/v4\/?page_id=8489"},"modified":"2026-01-06T14:57:15","modified_gmt":"2026-01-06T14:57:15","slug":"contas-publicas-2026","status":"publish","type":"page","link":"https:\/\/camarabaependi.mg.gov.br\/v4\/contas-publicas-2026\/","title":{"rendered":"Contas P\u00fablicas 2026"},"content":{"rendered":"<div id=\"tdi_1\" class=\"tdc-row\"><div class=\"vc_row tdi_2  wpb_row td-pb-row\" >\n<style scoped>\n\n\/* custom css *\/\n.tdi_2,\r\n                .tdi_2 .tdc-columns{\r\n                    min-height: 0;\r\n                }.tdi_2,\r\n\t\t\t\t.tdi_2 .tdc-columns{\r\n\t\t\t\t    display: block;\r\n\t\t\t\t}.tdi_2 .tdc-columns{\r\n\t\t\t\t    width: 100%;\r\n\t\t\t\t}\n<\/style><div class=\"vc_column tdi_4  wpb_column vc_column_container tdc-column td-pb-span8\">\n<style scoped>\n\n\/* custom css *\/\n.tdi_4{\r\n                    vertical-align: baseline;\r\n                }.tdi_4 > .wpb_wrapper,\r\n\t\t\t\t.tdi_4 > .wpb_wrapper > .tdc-elements{\r\n\t\t\t\t    display: block;\r\n\t\t\t\t}.tdi_4 > .wpb_wrapper > .tdc-elements{\r\n\t\t\t\t    width: 100%;\r\n\t\t\t\t}.tdi_4 > .wpb_wrapper > .vc_row_inner{\r\n\t\t\t\t    width: auto;\r\n\t\t\t\t}.tdi_4 > .wpb_wrapper{\r\n\t\t\t\t    width: auto;\r\n\t\t\t\t    height: auto;\r\n\t\t\t\t}\n<\/style><div class=\"wpb_wrapper\" ><div class=\"wpb_wrapper td_block_empty_space td_block_wrap vc_empty_space tdi_6 \"  style=\"height: 25px\"><\/div>[vc_text_separator title=&#8221;CONTAS P\u00daBLICAS &#8211; 2026&#8243; title_align=&#8221;separator_align_left&#8221; align=&#8221;align_left&#8221;]<div class=\"td_block_wrap td_block_text_with_title tdi_7 tagdiv-type td-pb-border-top td_block_template_1\"  data-td-block-uid=\"tdi_7\" >\n<style>\n\/* custom css *\/\n.td_block_text_with_title{\r\n                  margin-bottom: 44px;\r\n                  -webkit-transform: translateZ(0);\r\n                  transform: translateZ(0);\r\n                }.td_block_text_with_title p:last-child{\r\n                  margin-bottom: 0;\r\n                }\n<\/style><div class=\"td-block-title-wrap\"><h4 class=\"block-title td-block-title\"><span class=\"td-pulldown-size\">Demonstrativo da Movimenta\u00e7\u00e3o Financeira<\/span><\/h4><\/div><div class=\"td_mod_wrap td-fix-index\">\n<\/div><\/div><div class=\"td_block_wrap td_block_text_with_title tdi_8 tagdiv-type td-pb-border-top td_block_template_1\"  data-td-block-uid=\"tdi_8\" ><div class=\"td-block-title-wrap\"><h4 class=\"block-title td-block-title\"><span class=\"td-pulldown-size\">Relat\u00f3rio de Despesas com Publicidades<\/span><\/h4><\/div><div class=\"td_mod_wrap td-fix-index\">\n<\/div><\/div><div class=\"td_block_wrap td_block_text_with_title tdi_9 tagdiv-type td-pb-border-top td_block_template_1\"  data-td-block-uid=\"tdi_9\" ><div class=\"td-block-title-wrap\"><h4 class=\"block-title td-block-title\"><span class=\"td-pulldown-size\">Relat\u00f3rio de Gest\u00e3o Fiscal Semestral<\/span><\/h4><\/div><div class=\"td_mod_wrap td-fix-index\">\n<\/div><\/div><div class=\"td_block_wrap td_block_text_with_title tdi_10 tagdiv-type td-pb-border-top td_block_template_1\"  data-td-block-uid=\"tdi_10\" ><div class=\"td-block-title-wrap\"><h4 class=\"block-title td-block-title\"><span class=\"td-pulldown-size\">Or\u00e7amento do Exerc\u00edcio<\/span><\/h4><\/div><div class=\"td_mod_wrap td-fix-index\">\n<\/div><\/div><div class=\"td_block_wrap td_block_text_with_title tdi_11 tagdiv-type td-pb-border-top td_block_template_1\"  data-td-block-uid=\"tdi_11\" ><div class=\"td-block-title-wrap\"><h4 class=\"block-title td-block-title\"><span class=\"td-pulldown-size\">Controle de Compras<\/span><\/h4><\/div><div class=\"td_mod_wrap td-fix-index\">\n<\/div><\/div><div class=\"td_block_wrap td_block_text_with_title tdi_12 tagdiv-type td-pb-border-top td_block_template_1\"  data-td-block-uid=\"tdi_12\" ><div class=\"td-block-title-wrap\"><h4 class=\"block-title td-block-title\"><span class=\"td-pulldown-size\">Gastos com Pessoal<\/span><\/h4><\/div><div class=\"td_mod_wrap td-fix-index\">\n<\/div><\/div><\/div><\/div><div class=\"vc_column tdi_14  wpb_column vc_column_container tdc-column td-pb-span4\">\n<style scoped>\n\n\/* custom css *\/\n.tdi_14{\r\n                    vertical-align: baseline;\r\n                }.tdi_14 > .wpb_wrapper,\r\n\t\t\t\t.tdi_14 > .wpb_wrapper > .tdc-elements{\r\n\t\t\t\t    display: block;\r\n\t\t\t\t}.tdi_14 > .wpb_wrapper > .tdc-elements{\r\n\t\t\t\t    width: 100%;\r\n\t\t\t\t}.tdi_14 > .wpb_wrapper > .vc_row_inner{\r\n\t\t\t\t    width: auto;\r\n\t\t\t\t}.tdi_14 > .wpb_wrapper{\r\n\t\t\t\t    width: auto;\r\n\t\t\t\t    height: auto;\r\n\t\t\t\t}\n<\/style><div class=\"wpb_wrapper\" ><div class=\"wpb_wrapper td_block_empty_space td_block_wrap vc_empty_space tdi_16 \"  style=\"height: 25px\"><\/div><div class=\"wpb_wrapper td_block_wrap vc_widget_sidebar tdi_18 \" ><aside id=\"block-2\" class=\"td_block_template_1 widget block-2 widget_block widget_rss\"><ul class=\"wp-block-rss\"><li class='wp-block-rss__item'><div class='wp-block-rss__item-title'><a href='https:\/\/g1.globo.com\/mg\/sul-de-minas\/noticia\/2026\/05\/10\/ela-queria-sempre-se-superar-quem-era-eliana-tamietti-ciclista-que-morreu-durante-prova-entre-sp-e-mg.ghtml'>&#039;Ela queria sempre se superar&#039;: quem era Eliana Tamietti, ciclista que morreu durante prova entre SP e MG<\/a><\/div><time datetime=\"\" class=\"wp-block-rss__item-publish-date\">10 de maio de 2026<\/time> <\/li><li class='wp-block-rss__item'><div class='wp-block-rss__item-title'><a href='https:\/\/g1.globo.com\/mg\/sul-de-minas\/noticia\/2026\/05\/10\/atleta-mineira-morre-durante-competicao-de-ciclismo-de-ultradistancia-entre-sp-e-mg.ghtml'>Atleta mineira morre durante competi\u00e7\u00e3o de ciclismo de ultradist\u00e2ncia entre SP e MG<\/a><\/div><time datetime=\"\" class=\"wp-block-rss__item-publish-date\">10 de maio de 2026<\/time> <\/li><li class='wp-block-rss__item'><div class='wp-block-rss__item-title'><a href='https:\/\/g1.globo.com\/mg\/sul-de-minas\/noticia\/2026\/05\/10\/de-geracao-em-geracao-parcerias-entre-maes-e-filhas-mantem-viva-a-tradicao-de-negocios-no-sul-de-minas.ghtml'>De gera\u00e7\u00e3o em gera\u00e7\u00e3o: parcerias entre m\u00e3es e filhas mant\u00eam viva a tradi\u00e7\u00e3o de neg\u00f3cios no Sul de Minas<\/a><\/div><time datetime=\"\" class=\"wp-block-rss__item-publish-date\">10 de maio de 2026<\/time> <\/li><li class='wp-block-rss__item'><div class='wp-block-rss__item-title'><a href='https:\/\/g1.globo.com\/mg\/sul-de-minas\/edicao\/2026\/05\/09\/videos-eptv-2-sul-de-minas-de-sabado-9-de-maio-de-2026.ghtml'>V\u00cdDEOS: EPTV 2 Sul de Minas de s\u00e1bado, 9 de maio de 2026<\/a><\/div><time datetime=\"\" class=\"wp-block-rss__item-publish-date\">9 de maio de 2026<\/time> <\/li><li class='wp-block-rss__item'><div class='wp-block-rss__item-title'><a href='https:\/\/g1.globo.com\/mg\/sul-de-minas\/noticia\/2026\/05\/09\/mais-lidas-da-semana-g1-sul-de-minas-maio.ghtml'>Cidade sem homic\u00eddio h\u00e1 38 anos, complica\u00e7\u00f5es em castra\u00e7\u00e3o de cadela e recadastro de moradores em \u00e1rea de barragem: as mais lidas da semana<\/a><\/div><time datetime=\"\" class=\"wp-block-rss__item-publish-date\">9 de maio de 2026<\/time> <\/li><li class='wp-block-rss__item'><div class='wp-block-rss__item-title'><a href='https:\/\/g1.globo.com\/mg\/sul-de-minas\/edicao\/2026\/05\/09\/videos-eptv-1-sul-de-minas-de-sabado-9-de-maio-de-2026.ghtml'>V\u00cdDEOS: EPTV 1 Sul de Minas de s\u00e1bado, 9 de maio de 2026<\/a><\/div><time datetime=\"\" class=\"wp-block-rss__item-publish-date\">9 de maio de 2026<\/time> <\/li><\/ul><\/aside><\/div><\/div><\/div><\/div><\/div>","protected":false},"excerpt":{"rendered":"\/* custom css *\/ .tdi_20, .tdi_20 .tdc-columns{ min-height: 0; }.tdi_20, .tdi_20 .tdc-columns{ display: block; }.tdi_20 .tdc-columns{ width: 100%; } \/* custom css *\/ .tdi_22{ vertical-align: baseline; }.tdi_22 > .wpb_wrapper, .tdi_22 > .wpb_wrapper > .tdc-elements{ display: block; }.tdi_22 > .wpb_wrapper > .tdc-elements{ width: 100%; }.tdi_22 > .wpb_wrapper > .vc_row_inner{ width: auto; }.tdi_22 > .wpb_wrapper{ width: auto; [...]","protected":false},"author":1,"featured_media":0,"parent":0,"menu_order":0,"comment_status":"closed","ping_status":"closed","template":"","meta":[],"_links":{"self":[{"href":"https:\/\/camarabaependi.mg.gov.br\/v4\/wp-json\/wp\/v2\/pages\/8489"}],"collection":[{"href":"https:\/\/camarabaependi.mg.gov.br\/v4\/wp-json\/wp\/v2\/pages"}],"about":[{"href":"https:\/\/camarabaependi.mg.gov.br\/v4\/wp-json\/wp\/v2\/types\/page"}],"author":[{"embeddable":true,"href":"https:\/\/camarabaependi.mg.gov.br\/v4\/wp-json\/wp\/v2\/users\/1"}],"replies":[{"embeddable":true,"href":"https:\/\/camarabaependi.mg.gov.br\/v4\/wp-json\/wp\/v2\/comments?post=8489"}],"version-history":[{"count":1,"href":"https:\/\/camarabaependi.mg.gov.br\/v4\/wp-json\/wp\/v2\/pages\/8489\/revisions"}],"predecessor-version":[{"id":8490,"href":"https:\/\/camarabaependi.mg.gov.br\/v4\/wp-json\/wp\/v2\/pages\/8489\/revisions\/8490"}],"wp:attachment":[{"href":"https:\/\/camarabaependi.mg.gov.br\/v4\/wp-json\/wp\/v2\/media?parent=8489"}],"curies":[{"name":"wp","href":"https:\/\/api.w.org\/{rel}","templated":true}]}}