{"id":8431,"date":"2025-05-28T01:54:53","date_gmt":"2025-05-28T01:54:53","guid":{"rendered":"https:\/\/camarabaependi.mg.gov.br\/v4\/?page_id=8431"},"modified":"2025-05-28T01:56:08","modified_gmt":"2025-05-28T01:56:08","slug":"estrutura-organizacional","status":"publish","type":"page","link":"https:\/\/camarabaependi.mg.gov.br\/v4\/estrutura-organizacional\/","title":{"rendered":"Estrutura Organizacional"},"content":{"rendered":"<div id=\"tdi_1\" class=\"tdc-row\"><div class=\"vc_row tdi_2  wpb_row td-pb-row\" >\n<style scoped>\n\n\/* custom css *\/\n.tdi_2,\r\n                .tdi_2 .tdc-columns{\r\n                    min-height: 0;\r\n                }.tdi_2,\r\n\t\t\t\t.tdi_2 .tdc-columns{\r\n\t\t\t\t    display: block;\r\n\t\t\t\t}.tdi_2 .tdc-columns{\r\n\t\t\t\t    width: 100%;\r\n\t\t\t\t}\n<\/style><div class=\"vc_column tdi_4  wpb_column vc_column_container tdc-column td-pb-span8\">\n<style scoped>\n\n\/* custom css *\/\n.tdi_4{\r\n                    vertical-align: baseline;\r\n                }.tdi_4 > .wpb_wrapper,\r\n\t\t\t\t.tdi_4 > .wpb_wrapper > .tdc-elements{\r\n\t\t\t\t    display: block;\r\n\t\t\t\t}.tdi_4 > .wpb_wrapper > .tdc-elements{\r\n\t\t\t\t    width: 100%;\r\n\t\t\t\t}.tdi_4 > .wpb_wrapper > .vc_row_inner{\r\n\t\t\t\t    width: auto;\r\n\t\t\t\t}.tdi_4 > .wpb_wrapper{\r\n\t\t\t\t    width: auto;\r\n\t\t\t\t    height: auto;\r\n\t\t\t\t}\n<\/style><div class=\"wpb_wrapper\" >[vc_column_text]\r\n<h6><a href=\"https:\/\/camarabaependi.mg.gov.br\/\">HOME<\/a> &gt; <a href=\"#\">C\u00c2MARA<\/a> &gt; <a href=\"https:\/\/camarabaependi.mg.gov.br\/v4\/estrutura-organizacional\/\">ESTRUTURA ORGANIZACIONAL<\/a><\/h6>\r\n[\/vc_column_text][vc_text_separator title=&#8221;ESTRUTURA ORGANIZACIONAL&#8221; title_align=&#8221;separator_align_left&#8221; align=&#8221;align_left&#8221;][vc_column_text]<img loading=\"lazy\" class=\"aligncenter size-full wp-image-8433\" src=\"https:\/\/camarabaependi.mg.gov.br\/v4\/wp-content\/uploads\/2025\/05\/WhatsApp-Image-2025-05-27-at-14.27.44.jpeg\" alt=\"\" width=\"1280\" height=\"900\" srcset=\"https:\/\/camarabaependi.mg.gov.br\/v4\/wp-content\/uploads\/2025\/05\/WhatsApp-Image-2025-05-27-at-14.27.44.jpeg 1280w, https:\/\/camarabaependi.mg.gov.br\/v4\/wp-content\/uploads\/2025\/05\/WhatsApp-Image-2025-05-27-at-14.27.44-300x211.jpeg 300w, https:\/\/camarabaependi.mg.gov.br\/v4\/wp-content\/uploads\/2025\/05\/WhatsApp-Image-2025-05-27-at-14.27.44-1024x720.jpeg 1024w, https:\/\/camarabaependi.mg.gov.br\/v4\/wp-content\/uploads\/2025\/05\/WhatsApp-Image-2025-05-27-at-14.27.44-768x540.jpeg 768w, https:\/\/camarabaependi.mg.gov.br\/v4\/wp-content\/uploads\/2025\/05\/WhatsApp-Image-2025-05-27-at-14.27.44-150x105.jpeg 150w, https:\/\/camarabaependi.mg.gov.br\/v4\/wp-content\/uploads\/2025\/05\/WhatsApp-Image-2025-05-27-at-14.27.44-600x422.jpeg 600w, https:\/\/camarabaependi.mg.gov.br\/v4\/wp-content\/uploads\/2025\/05\/WhatsApp-Image-2025-05-27-at-14.27.44-696x489.jpeg 696w, https:\/\/camarabaependi.mg.gov.br\/v4\/wp-content\/uploads\/2025\/05\/WhatsApp-Image-2025-05-27-at-14.27.44-1068x751.jpeg 1068w\" sizes=\"(max-width: 1280px) 100vw, 1280px\" \/>[\/vc_column_text]<\/div><\/div><div class=\"vc_column tdi_6  wpb_column vc_column_container tdc-column td-pb-span4\">\n<style scoped>\n\n\/* custom css *\/\n.tdi_6{\r\n                    vertical-align: baseline;\r\n                }.tdi_6 > .wpb_wrapper,\r\n\t\t\t\t.tdi_6 > .wpb_wrapper > .tdc-elements{\r\n\t\t\t\t    display: block;\r\n\t\t\t\t}.tdi_6 > .wpb_wrapper > .tdc-elements{\r\n\t\t\t\t    width: 100%;\r\n\t\t\t\t}.tdi_6 > .wpb_wrapper > .vc_row_inner{\r\n\t\t\t\t    width: auto;\r\n\t\t\t\t}.tdi_6 > .wpb_wrapper{\r\n\t\t\t\t    width: auto;\r\n\t\t\t\t    height: auto;\r\n\t\t\t\t}\n<\/style><div class=\"wpb_wrapper\" ><div class=\"wpb_wrapper td_block_empty_space td_block_wrap vc_empty_space tdi_8 \"  style=\"height: 25px\"><\/div><div class=\"wpb_wrapper td_block_wrap vc_widget_sidebar tdi_10 \" ><aside id=\"block-2\" class=\"td_block_template_1 widget block-2 widget_block widget_rss\"><ul class=\"wp-block-rss\"><li class='wp-block-rss__item'><div class='wp-block-rss__item-title'><a href='https:\/\/g1.globo.com\/mg\/sul-de-minas\/noticia\/2026\/05\/10\/ela-queria-sempre-se-superar-quem-era-eliana-tamietti-ciclista-que-morreu-durante-prova-entre-sp-e-mg.ghtml'>&#039;Ela queria sempre se superar&#039;: quem era Eliana Tamietti, ciclista que morreu durante prova entre SP e MG<\/a><\/div><time datetime=\"\" class=\"wp-block-rss__item-publish-date\">10 de maio de 2026<\/time> <\/li><li class='wp-block-rss__item'><div class='wp-block-rss__item-title'><a href='https:\/\/g1.globo.com\/mg\/sul-de-minas\/noticia\/2026\/05\/10\/atleta-mineira-morre-durante-competicao-de-ciclismo-de-ultradistancia-entre-sp-e-mg.ghtml'>Atleta mineira morre durante competi\u00e7\u00e3o de ciclismo de ultradist\u00e2ncia entre SP e MG<\/a><\/div><time datetime=\"\" class=\"wp-block-rss__item-publish-date\">10 de maio de 2026<\/time> <\/li><li class='wp-block-rss__item'><div class='wp-block-rss__item-title'><a href='https:\/\/g1.globo.com\/mg\/sul-de-minas\/noticia\/2026\/05\/10\/de-geracao-em-geracao-parcerias-entre-maes-e-filhas-mantem-viva-a-tradicao-de-negocios-no-sul-de-minas.ghtml'>De gera\u00e7\u00e3o em gera\u00e7\u00e3o: parcerias entre m\u00e3es e filhas mant\u00eam viva a tradi\u00e7\u00e3o de neg\u00f3cios no Sul de Minas<\/a><\/div><time datetime=\"\" class=\"wp-block-rss__item-publish-date\">10 de maio de 2026<\/time> <\/li><li class='wp-block-rss__item'><div class='wp-block-rss__item-title'><a href='https:\/\/g1.globo.com\/mg\/sul-de-minas\/edicao\/2026\/05\/09\/videos-eptv-2-sul-de-minas-de-sabado-9-de-maio-de-2026.ghtml'>V\u00cdDEOS: EPTV 2 Sul de Minas de s\u00e1bado, 9 de maio de 2026<\/a><\/div><time datetime=\"\" class=\"wp-block-rss__item-publish-date\">9 de maio de 2026<\/time> <\/li><li class='wp-block-rss__item'><div class='wp-block-rss__item-title'><a href='https:\/\/g1.globo.com\/mg\/sul-de-minas\/noticia\/2026\/05\/09\/mais-lidas-da-semana-g1-sul-de-minas-maio.ghtml'>Cidade sem homic\u00eddio h\u00e1 38 anos, complica\u00e7\u00f5es em castra\u00e7\u00e3o de cadela e recadastro de moradores em \u00e1rea de barragem: as mais lidas da semana<\/a><\/div><time datetime=\"\" class=\"wp-block-rss__item-publish-date\">9 de maio de 2026<\/time> <\/li><li class='wp-block-rss__item'><div class='wp-block-rss__item-title'><a href='https:\/\/g1.globo.com\/mg\/sul-de-minas\/edicao\/2026\/05\/09\/videos-eptv-1-sul-de-minas-de-sabado-9-de-maio-de-2026.ghtml'>V\u00cdDEOS: EPTV 1 Sul de Minas de s\u00e1bado, 9 de maio de 2026<\/a><\/div><time datetime=\"\" class=\"wp-block-rss__item-publish-date\">9 de maio de 2026<\/time> <\/li><\/ul><\/aside><\/div><\/div><\/div><\/div><\/div>","protected":false},"excerpt":{"rendered":"\/* custom css *\/ .tdi_12, .tdi_12 .tdc-columns{ min-height: 0; }.tdi_12, .tdi_12 .tdc-columns{ display: block; }.tdi_12 .tdc-columns{ width: 100%; } \/* custom css *\/ .tdi_14{ vertical-align: baseline; }.tdi_14 > .wpb_wrapper, .tdi_14 > .wpb_wrapper > .tdc-elements{ display: block; }.tdi_14 > .wpb_wrapper > .tdc-elements{ width: 100%; }.tdi_14 > .wpb_wrapper > .vc_row_inner{ width: auto; }.tdi_14 > .wpb_wrapper{ width: auto; [...]","protected":false},"author":1,"featured_media":0,"parent":0,"menu_order":0,"comment_status":"closed","ping_status":"closed","template":"","meta":[],"_links":{"self":[{"href":"https:\/\/camarabaependi.mg.gov.br\/v4\/wp-json\/wp\/v2\/pages\/8431"}],"collection":[{"href":"https:\/\/camarabaependi.mg.gov.br\/v4\/wp-json\/wp\/v2\/pages"}],"about":[{"href":"https:\/\/camarabaependi.mg.gov.br\/v4\/wp-json\/wp\/v2\/types\/page"}],"author":[{"embeddable":true,"href":"https:\/\/camarabaependi.mg.gov.br\/v4\/wp-json\/wp\/v2\/users\/1"}],"replies":[{"embeddable":true,"href":"https:\/\/camarabaependi.mg.gov.br\/v4\/wp-json\/wp\/v2\/comments?post=8431"}],"version-history":[{"count":2,"href":"https:\/\/camarabaependi.mg.gov.br\/v4\/wp-json\/wp\/v2\/pages\/8431\/revisions"}],"predecessor-version":[{"id":8434,"href":"https:\/\/camarabaependi.mg.gov.br\/v4\/wp-json\/wp\/v2\/pages\/8431\/revisions\/8434"}],"wp:attachment":[{"href":"https:\/\/camarabaependi.mg.gov.br\/v4\/wp-json\/wp\/v2\/media?parent=8431"}],"curies":[{"name":"wp","href":"https:\/\/api.w.org\/{rel}","templated":true}]}}