{"id":8407,"date":"2025-05-25T23:18:41","date_gmt":"2025-05-25T23:18:41","guid":{"rendered":"https:\/\/camarabaependi.mg.gov.br\/v4\/?page_id=8407"},"modified":"2025-05-26T00:18:23","modified_gmt":"2025-05-26T00:18:23","slug":"compras-e-licitacoes","status":"publish","type":"page","link":"https:\/\/camarabaependi.mg.gov.br\/v4\/compras-e-licitacoes\/","title":{"rendered":"Compras e Licita\u00e7\u00f5es"},"content":{"rendered":"<div id=\"tdi_1\" class=\"tdc-row\"><div class=\"vc_row tdi_2  wpb_row td-pb-row\" >\n<style scoped>\n\n\/* custom css *\/\n.tdi_2,\r\n                .tdi_2 .tdc-columns{\r\n                    min-height: 0;\r\n                }.tdi_2,\r\n\t\t\t\t.tdi_2 .tdc-columns{\r\n\t\t\t\t    display: block;\r\n\t\t\t\t}.tdi_2 .tdc-columns{\r\n\t\t\t\t    width: 100%;\r\n\t\t\t\t}\n<\/style><div class=\"vc_column tdi_4  wpb_column vc_column_container tdc-column td-pb-span8\">\n<style scoped>\n\n\/* custom css *\/\n.tdi_4{\r\n                    vertical-align: baseline;\r\n                }.tdi_4 > .wpb_wrapper,\r\n\t\t\t\t.tdi_4 > .wpb_wrapper > .tdc-elements{\r\n\t\t\t\t    display: block;\r\n\t\t\t\t}.tdi_4 > .wpb_wrapper > .tdc-elements{\r\n\t\t\t\t    width: 100%;\r\n\t\t\t\t}.tdi_4 > .wpb_wrapper > .vc_row_inner{\r\n\t\t\t\t    width: auto;\r\n\t\t\t\t}.tdi_4 > .wpb_wrapper{\r\n\t\t\t\t    width: auto;\r\n\t\t\t\t    height: auto;\r\n\t\t\t\t}\n<\/style><div class=\"wpb_wrapper\" >[vc_column_text]\r\n<h6><a href=\"https:\/\/camarabaependi.mg.gov.br\/\">HOME<\/a> &gt; <a href=\"#\">PUBLICA\u00c7\u00d5ES<\/a> &gt; <a href=\"https:\/\/camarabaependi.mg.gov.br\/v4\/compras-e-licitacoes\/\">COMPRAS E LICITA\u00c7\u00d5ES<\/a><\/h6>\r\n[\/vc_column_text][vc_text_separator title=&#8221;COMPRAS E LICITA\u00c7\u00d5ES&#8221; title_align=&#8221;separator_align_left&#8221; align=&#8221;align_left&#8221;][vc_column_text]<!-- WPFB searchform --><form method=\"get\" class=\"td-search-form-widget\" action=\"\">     <div role=\"search\">         <input class=\"td-widget-search-input\" type=\"text\" value=\"\" name=\"wpfb_s\" id=\"s\" \/><input class=\"wpb_button wpb_btn-inverse btn\" type=\"submit\" id=\"searchsubmit\" value=\"Search\" \/>     <\/div> <\/form><!-- \/WPFB searchform -->\r\n<br>\r\n<table>\r\n<thead>\r\n\t<tr><th scope=\"col\"><a href=\"\/v4\/wp-json\/wp\/v2\/pages\/8407?wpfb_file_sort=&lt;file_name\">DESCRI\u00c7\u00c3O<\/a><\/th><th scope=\"col\"><a href=\"\/v4\/wp-json\/wp\/v2\/pages\/8407?wpfb_file_sort=&lt;file_license\">STATUS<\/a><\/th><\/tr>\r\n<\/thead>\r\n<tfoot>\r\n\t<tr><th scope=\"col\"><a href=\"\/v4\/wp-json\/wp\/v2\/pages\/8407?wpfb_file_sort=&lt;file_name\">DESCRI\u00c7\u00c3O<\/a><\/th><th scope=\"col\"><a href=\"\/v4\/wp-json\/wp\/v2\/pages\/8407?wpfb_file_sort=&lt;file_license\">STATUS<\/a><\/th><\/tr>\r\n<\/tfoot>\r\n<tbody>\r\n<tr><td><a href=\"https:\/\/camarabaependi.mg.gov.br\/v4\/download\/compras_e_licitacoes\/07-AVISO-DE-DISPENSA-ELETRONICA-E-SEUS-ANEXOS.pdf\">07 - AVISO DE DISPENSA ELETR\u00d4NICA E SEUS ANEXOS<\/a><br>Objeto: <br><br>Documentos relacionados:<br><\/td><td><\/td><\/tr><tr><td><a href=\"https:\/\/camarabaependi.mg.gov.br\/v4\/download\/compras_e_licitacoes\/DOC-20250901-WA0074._assinado.pdf\">RESPOSTA A IMPUGNA\u00c7\u00c3O PROCESSO 17\/2025 - DISPENSA ELETR\u00d4NICA 04\/2025<\/a><br>Objeto: <br><br>Documentos relacionados:<br><\/td><td><\/td><\/tr><tr><td><a href=\"https:\/\/camarabaependi.mg.gov.br\/v4\/download\/compras_e_licitacoes\/02-EDITAL-GENERO-ALIMENTICIOS-E-SEUS-ANEXOS.pdf\">PROCESSO LEGISLATIVO N\u00ba 09\/2025 \/ PREG\u00c3O ELETR\u00d4NICO N\u00ba 02\/2025 <\/a><br>Objeto: O objeto da presente licita\u00e7\u00e3o \u00e9 a escolha da proposta mais vantajosa para a aquisi\u00e7\u00e3o de produtos de padaria, conforme condi\u00e7\u00f5es, quantidades e exig\u00eancias estabelecidas neste Edital e seus anexos. <br><br>Documentos relacionados:<br>Contrato<br \/>\r\n<br \/>\r\nAutoriza\u00e7\u00e3o para contrata\u00e7\u00e3o<br \/>\r\n<br \/>\r\nContrata\u00e7\u00e3o<br \/>\r\n<br \/>\r\n&nbsp;<br \/>\r\n<br \/>\r\n&nbsp;<br \/>\r\n<br \/>\r\n&nbsp;<\/td><td>Encerradas<\/td><\/tr><\/tbody>\r\n<\/table>\r\n<div class=\"tablenav-pages\"><\/div>[\/vc_column_text]<\/div><\/div><div class=\"vc_column tdi_6  wpb_column vc_column_container tdc-column td-pb-span4\">\n<style scoped>\n\n\/* custom css *\/\n.tdi_6{\r\n                    vertical-align: baseline;\r\n                }.tdi_6 > .wpb_wrapper,\r\n\t\t\t\t.tdi_6 > .wpb_wrapper > .tdc-elements{\r\n\t\t\t\t    display: block;\r\n\t\t\t\t}.tdi_6 > .wpb_wrapper > .tdc-elements{\r\n\t\t\t\t    width: 100%;\r\n\t\t\t\t}.tdi_6 > .wpb_wrapper > .vc_row_inner{\r\n\t\t\t\t    width: auto;\r\n\t\t\t\t}.tdi_6 > .wpb_wrapper{\r\n\t\t\t\t    width: auto;\r\n\t\t\t\t    height: auto;\r\n\t\t\t\t}\n<\/style><div class=\"wpb_wrapper\" ><div class=\"wpb_wrapper td_block_empty_space td_block_wrap vc_empty_space tdi_8 \"  style=\"height: 25px\"><\/div><div class=\"wpb_wrapper td_block_wrap vc_widget_sidebar tdi_10 \" ><aside id=\"block-2\" class=\"td_block_template_1 widget block-2 widget_block widget_rss\"><ul class=\"wp-block-rss\"><li class='wp-block-rss__item'><div class='wp-block-rss__item-title'><a href='https:\/\/g1.globo.com\/mg\/sul-de-minas\/noticia\/2026\/05\/10\/ela-queria-sempre-se-superar-quem-era-eliana-tamietti-ciclista-que-morreu-durante-prova-entre-sp-e-mg.ghtml'>&#039;Ela queria sempre se superar&#039;: quem era Eliana Tamietti, ciclista que morreu durante prova entre SP e MG<\/a><\/div><time datetime=\"\" class=\"wp-block-rss__item-publish-date\">10 de maio de 2026<\/time> <\/li><li class='wp-block-rss__item'><div class='wp-block-rss__item-title'><a href='https:\/\/g1.globo.com\/mg\/sul-de-minas\/noticia\/2026\/05\/10\/atleta-mineira-morre-durante-competicao-de-ciclismo-de-ultradistancia-entre-sp-e-mg.ghtml'>Atleta mineira morre durante competi\u00e7\u00e3o de ciclismo de ultradist\u00e2ncia entre SP e MG<\/a><\/div><time datetime=\"\" class=\"wp-block-rss__item-publish-date\">10 de maio de 2026<\/time> <\/li><li class='wp-block-rss__item'><div class='wp-block-rss__item-title'><a href='https:\/\/g1.globo.com\/mg\/sul-de-minas\/noticia\/2026\/05\/10\/de-geracao-em-geracao-parcerias-entre-maes-e-filhas-mantem-viva-a-tradicao-de-negocios-no-sul-de-minas.ghtml'>De gera\u00e7\u00e3o em gera\u00e7\u00e3o: parcerias entre m\u00e3es e filhas mant\u00eam viva a tradi\u00e7\u00e3o de neg\u00f3cios no Sul de Minas<\/a><\/div><time datetime=\"\" class=\"wp-block-rss__item-publish-date\">10 de maio de 2026<\/time> <\/li><li class='wp-block-rss__item'><div class='wp-block-rss__item-title'><a href='https:\/\/g1.globo.com\/mg\/sul-de-minas\/edicao\/2026\/05\/09\/videos-eptv-2-sul-de-minas-de-sabado-9-de-maio-de-2026.ghtml'>V\u00cdDEOS: EPTV 2 Sul de Minas de s\u00e1bado, 9 de maio de 2026<\/a><\/div><time datetime=\"\" class=\"wp-block-rss__item-publish-date\">9 de maio de 2026<\/time> <\/li><li class='wp-block-rss__item'><div class='wp-block-rss__item-title'><a href='https:\/\/g1.globo.com\/mg\/sul-de-minas\/noticia\/2026\/05\/09\/mais-lidas-da-semana-g1-sul-de-minas-maio.ghtml'>Cidade sem homic\u00eddio h\u00e1 38 anos, complica\u00e7\u00f5es em castra\u00e7\u00e3o de cadela e recadastro de moradores em \u00e1rea de barragem: as mais lidas da semana<\/a><\/div><time datetime=\"\" class=\"wp-block-rss__item-publish-date\">9 de maio de 2026<\/time> <\/li><li class='wp-block-rss__item'><div class='wp-block-rss__item-title'><a href='https:\/\/g1.globo.com\/mg\/sul-de-minas\/edicao\/2026\/05\/09\/videos-eptv-1-sul-de-minas-de-sabado-9-de-maio-de-2026.ghtml'>V\u00cdDEOS: EPTV 1 Sul de Minas de s\u00e1bado, 9 de maio de 2026<\/a><\/div><time datetime=\"\" class=\"wp-block-rss__item-publish-date\">9 de maio de 2026<\/time> <\/li><\/ul><\/aside><\/div><\/div><\/div><\/div><\/div>","protected":false},"excerpt":{"rendered":"\/* custom css *\/ .tdi_12, .tdi_12 .tdc-columns{ min-height: 0; }.tdi_12, .tdi_12 .tdc-columns{ display: block; }.tdi_12 .tdc-columns{ width: 100%; } \/* custom css *\/ .tdi_14{ vertical-align: baseline; }.tdi_14 > .wpb_wrapper, .tdi_14 > .wpb_wrapper > .tdc-elements{ display: block; }.tdi_14 > .wpb_wrapper > .tdc-elements{ width: 100%; }.tdi_14 > .wpb_wrapper > .vc_row_inner{ width: auto; }.tdi_14 > .wpb_wrapper{ width: auto; [...]","protected":false},"author":1,"featured_media":0,"parent":0,"menu_order":0,"comment_status":"closed","ping_status":"closed","template":"","meta":[],"_links":{"self":[{"href":"https:\/\/camarabaependi.mg.gov.br\/v4\/wp-json\/wp\/v2\/pages\/8407"}],"collection":[{"href":"https:\/\/camarabaependi.mg.gov.br\/v4\/wp-json\/wp\/v2\/pages"}],"about":[{"href":"https:\/\/camarabaependi.mg.gov.br\/v4\/wp-json\/wp\/v2\/types\/page"}],"author":[{"embeddable":true,"href":"https:\/\/camarabaependi.mg.gov.br\/v4\/wp-json\/wp\/v2\/users\/1"}],"replies":[{"embeddable":true,"href":"https:\/\/camarabaependi.mg.gov.br\/v4\/wp-json\/wp\/v2\/comments?post=8407"}],"version-history":[{"count":8,"href":"https:\/\/camarabaependi.mg.gov.br\/v4\/wp-json\/wp\/v2\/pages\/8407\/revisions"}],"predecessor-version":[{"id":8416,"href":"https:\/\/camarabaependi.mg.gov.br\/v4\/wp-json\/wp\/v2\/pages\/8407\/revisions\/8416"}],"wp:attachment":[{"href":"https:\/\/camarabaependi.mg.gov.br\/v4\/wp-json\/wp\/v2\/media?parent=8407"}],"curies":[{"name":"wp","href":"https:\/\/api.w.org\/{rel}","templated":true}]}}