{"id":8378,"date":"2025-05-22T01:26:32","date_gmt":"2025-05-22T01:26:32","guid":{"rendered":"https:\/\/camarabaependi.mg.gov.br\/v4\/?page_id=8378"},"modified":"2025-05-22T02:11:40","modified_gmt":"2025-05-22T02:11:40","slug":"perguntas-frequentes","status":"publish","type":"page","link":"https:\/\/camarabaependi.mg.gov.br\/v4\/perguntas-frequentes\/","title":{"rendered":"Perguntas Frequentes"},"content":{"rendered":"<div id=\"tdi_1\" class=\"tdc-row\"><div class=\"vc_row tdi_2  wpb_row td-pb-row\" >\n<style scoped>\n\n\/* custom css *\/\n.tdi_2,\r\n                .tdi_2 .tdc-columns{\r\n                    min-height: 0;\r\n                }.tdi_2,\r\n\t\t\t\t.tdi_2 .tdc-columns{\r\n\t\t\t\t    display: block;\r\n\t\t\t\t}.tdi_2 .tdc-columns{\r\n\t\t\t\t    width: 100%;\r\n\t\t\t\t}\n<\/style><div class=\"vc_column tdi_4  wpb_column vc_column_container tdc-column td-pb-span8\">\n<style scoped>\n\n\/* custom css *\/\n.tdi_4{\r\n                    vertical-align: baseline;\r\n                }.tdi_4 > .wpb_wrapper,\r\n\t\t\t\t.tdi_4 > .wpb_wrapper > .tdc-elements{\r\n\t\t\t\t    display: block;\r\n\t\t\t\t}.tdi_4 > .wpb_wrapper > .tdc-elements{\r\n\t\t\t\t    width: 100%;\r\n\t\t\t\t}.tdi_4 > .wpb_wrapper > .vc_row_inner{\r\n\t\t\t\t    width: auto;\r\n\t\t\t\t}.tdi_4 > .wpb_wrapper{\r\n\t\t\t\t    width: auto;\r\n\t\t\t\t    height: auto;\r\n\t\t\t\t}\n<\/style><div class=\"wpb_wrapper\" >[vc_column_text]\r\n<h6><a href=\"https:\/\/camarabaependi.mg.gov.br\/\">HOME<\/a> &gt; <a href=\"#\">C\u00c2MARA<\/a> &gt; <a href=\"https:\/\/camarabaependi.mg.gov.br\/v4\/perguntas-frequentes\/\">PERGUNTAS FREQUENTES<\/a><\/h6>\r\n[\/vc_column_text][vc_text_separator title=&#8221;PERGUNTAS FREQUENTES&#8221; title_align=&#8221;separator_align_left&#8221; align=&#8221;align_left&#8221;][vc_toggle title=&#8221;QUAL A FUN\u00c7\u00c3O DO VEREADOR?&#8221;]\r\n<p style=\"text-align: justify;\">O vereador, agente pol\u00edtico eleito pelo povo, exerce um papel fundamental no Poder Legislativo municipal. Sua principal fun\u00e7\u00e3o \u00e9 representar os interesses da popula\u00e7\u00e3o perante o poder p\u00fablico. No dia a dia, o vereador atua como legislador, criando, extinguindo e alterando leis municipais que impactam diretamente a vida da comunidade. Al\u00e9m disso, fiscaliza as a\u00e7\u00f5es do Poder Executivo, verificando o cumprimento das leis e a correta aplica\u00e7\u00e3o dos recursos p\u00fablicos. Ao propor projetos, debater temas relevantes e votar em pautas importantes, o vereador busca promover o desenvolvimento do Munic\u00edpio e o bem-estar de seus cidad\u00e3os.<\/p>\r\n[\/vc_toggle][vc_toggle title=&#8221;QUAIS AS FUN\u00c7\u00d5ES DA C\u00c2MARA MUNICIPAL?&#8221;]\r\n<p style=\"text-align: justify;\">A C\u00e2mara Municipal, s\u00edmbolo da democracia em \u00e2mbito local, desempenha um papel fundamental de suma import\u00e2ncia para a vida da cidade. Formada por vereadores eleitos pela popula\u00e7\u00e3o, ela atua como legisladora fiscalizadora, em situa\u00e7\u00f5es excepcionais, a C\u00e2mara tamb\u00e9m atua como \u00f3rg\u00e3o judicante. Assim, a C\u00e2mara Municipal se configura como um pilar fundamental da governan\u00e7a local, representando a voz da popula\u00e7\u00e3o e zelando pelo bem-estar e desenvolvimento da cidade.<\/p>\r\n[\/vc_toggle][vc_toggle title=&#8221;QUAL A DURA\u00c7\u00c3O DE MANDATO DO VEREADOR?&#8221;]\r\n<p style=\"text-align: justify;\">A elei\u00e7\u00e3o para vereador acontece juntamente com a do prefeito, de quatro em quatro anos.<\/p>\r\n[\/vc_toggle][vc_toggle title=&#8221;A C\u00c2MARA MUNICIPAL DE BAEPENDI POSSUI QUANTOS VEREADORES?&#8221;]11 Vereadores.[\/vc_toggle][vc_toggle title=&#8221;O QUE S\u00c3O SESS\u00d5ES NA C\u00c2MARA MUNICIPAL?&#8221;]\r\n<p style=\"text-align: justify;\">Sess\u00e3o legislativa \u00e9 o conjunto dos per\u00edodos de reuni\u00f5es realizadas em cada ano, sendo sess\u00f5es ordin\u00e1rias, extraordin\u00e1rias e solenes, sempre p\u00fablicas garantindo a transpar\u00eancia e o acesso da popula\u00e7\u00e3o ao trabalho dos vereadores.<\/p>\r\n[\/vc_toggle][vc_toggle title=&#8221;SESS\u00d5ES ORDIN\u00c1RIAS DE PLEN\u00c1RIO?&#8221;]\r\n<p style=\"text-align: justify;\">As reuni\u00f5es ordin\u00e1rias ser\u00e3o realizadas em n\u00famero de 2 (duas) por m\u00eas, na primeira e na terceira segundas-feiras de cada m\u00eas, com in\u00edcio \u00e0s 20:00 (vinte horas).<\/p>\r\n[\/vc_toggle][vc_toggle title=&#8221;SESS\u00d4ES DE ORDIN\u00c1RIAS DE COMISS\u00c3O?&#8221;]\r\n<p style=\"text-align: justify;\">As reuni\u00f5es ordin\u00e1rias ser\u00e3o realizadas em n\u00famero de 2 (duas) por m\u00eas, na segunda e na quarta, segundas-feiras de cada m\u00eas, com in\u00edcio \u00e0s 18:30 (dezoito horas e trinta minutos)<\/p>\r\n[\/vc_toggle][vc_toggle title=&#8221;SESS\u00d5ES EXTRAORDIN\u00c1RIAS?&#8221;]\r\n<p style=\"text-align: justify;\">As reuni\u00f5es extraordin\u00e1rias poder\u00e3o realizar-se em qualquer dia da semana e a qualquer hora, inclusive aos domingos e feriados ou ap\u00f3s as sess\u00f5es ordin\u00e1ria.<\/p>\r\n[\/vc_toggle][vc_toggle title=&#8221;O QUE S\u00c3O MO\u00c7\u00c3O?&#8221;]\r\n<p style=\"text-align: justify;\">Mo\u00e7\u00e3o \u00e9 a proposi\u00e7\u00e3o escrita em que \u00e9 sugerida a manifesta\u00e7\u00e3o da C\u00e2mara sobre determinado assunto, aplaudindo, hipotecando solidariedade ou apoio, apelando, protestando ou repudiando.<\/p>\r\n[\/vc_toggle][vc_toggle title=&#8221;O QUE S\u00c3O INDICA\u00c7\u00d5ES?&#8221;]\r\n<p style=\"text-align: justify;\">Indica\u00e7\u00e3o \u00e9 a proposi\u00e7\u00e3o escrita pela qual o vereador sugere medidas de interesse p\u00fablico \u00e0 pr\u00f3pria C\u00e2mara ou aos poderes competentes.<\/p>\r\n[\/vc_toggle]<\/div><\/div><div class=\"vc_column tdi_6  wpb_column vc_column_container tdc-column td-pb-span4\">\n<style scoped>\n\n\/* custom css *\/\n.tdi_6{\r\n                    vertical-align: baseline;\r\n                }.tdi_6 > .wpb_wrapper,\r\n\t\t\t\t.tdi_6 > .wpb_wrapper > .tdc-elements{\r\n\t\t\t\t    display: block;\r\n\t\t\t\t}.tdi_6 > .wpb_wrapper > .tdc-elements{\r\n\t\t\t\t    width: 100%;\r\n\t\t\t\t}.tdi_6 > .wpb_wrapper > .vc_row_inner{\r\n\t\t\t\t    width: auto;\r\n\t\t\t\t}.tdi_6 > .wpb_wrapper{\r\n\t\t\t\t    width: auto;\r\n\t\t\t\t    height: auto;\r\n\t\t\t\t}\n<\/style><div class=\"wpb_wrapper\" ><div class=\"wpb_wrapper td_block_wrap vc_widget_sidebar tdi_8 \" ><aside id=\"block-2\" class=\"td_block_template_1 widget block-2 widget_block widget_rss\"><ul class=\"wp-block-rss\"><li class='wp-block-rss__item'><div class='wp-block-rss__item-title'><a href='https:\/\/g1.globo.com\/mg\/sul-de-minas\/noticia\/2026\/04\/15\/policia-civil-indicia-companheiro-de-vitima-por-feminicidio-e-ocultacao-de-cadaver-em-varginha-mg.ghtml'>Pol\u00edcia Civil indicia companheiro de v\u00edtima por feminic\u00eddio e oculta\u00e7\u00e3o de cad\u00e1ver em Varginha, MG<\/a><\/div><time datetime=\"\" class=\"wp-block-rss__item-publish-date\">15 de abril de 2026<\/time> <\/li><li class='wp-block-rss__item'><div class='wp-block-rss__item-title'><a href='https:\/\/g1.globo.com\/mg\/sul-de-minas\/edicao\/2026\/04\/15\/videos-eptv-2-sul-de-minas-de-quarta-feira-15-de-abril-de-2026.ghtml'>V\u00cdDEOS: EPTV 2 Sul de Minas de quarta-feira, 15 de abril de 2026<\/a><\/div><time datetime=\"\" class=\"wp-block-rss__item-publish-date\">15 de abril de 2026<\/time> <\/li><li class='wp-block-rss__item'><div class='wp-block-rss__item-title'><a href='https:\/\/g1.globo.com\/mg\/sul-de-minas\/noticia\/2026\/04\/15\/caminhonete-de-prefeitura-do-norte-de-minas-e-apreendida-com-mercadorias-ilegais-na-fernao-dias.ghtml'>Caminhonete de prefeitura do Norte de Minas \u00e9 apreendida com mercadorias ilegais na Fern\u00e3o Dias<\/a><\/div><time datetime=\"\" class=\"wp-block-rss__item-publish-date\">15 de abril de 2026<\/time> <\/li><li class='wp-block-rss__item'><div class='wp-block-rss__item-title'><a href='https:\/\/g1.globo.com\/mg\/sul-de-minas\/noticia\/2026\/04\/15\/barato-da-cozinha-frango-com-mostarda-e-mel-e-opcao-economica-e-rende-ate-quatro-refeicoes.ghtml'>Barato da cozinha: frango com mostarda e mel \u00e9 op\u00e7\u00e3o econ\u00f4mica e rende at\u00e9 quatro refei\u00e7\u00f5es<\/a><\/div><time datetime=\"\" class=\"wp-block-rss__item-publish-date\">15 de abril de 2026<\/time> <\/li><li class='wp-block-rss__item'><div class='wp-block-rss__item-title'><a href='https:\/\/g1.globo.com\/mg\/sul-de-minas\/noticia\/2026\/04\/15\/justica-determina-interdicao-do-poco-secreto-por-exploracao-turistica-irregular-em-sao-tome-das-letras-mg.ghtml'>Justi\u00e7a determina interdi\u00e7\u00e3o do &#039;Po\u00e7o Secreto&#039; por explora\u00e7\u00e3o tur\u00edstica irregular em S\u00e3o Tom\u00e9 das Letras, MG<\/a><\/div><time datetime=\"\" class=\"wp-block-rss__item-publish-date\">15 de abril de 2026<\/time> <\/li><li class='wp-block-rss__item'><div class='wp-block-rss__item-title'><a href='https:\/\/g1.globo.com\/mg\/sul-de-minas\/edicao\/2026\/04\/15\/videos-eptv-1-sul-de-minas-de-quarta-feira-15-de-abril-de-2026.ghtml'>V\u00cdDEOS: EPTV 1 Sul de Minas de quarta-feira, 15 de abril de 2026<\/a><\/div><time datetime=\"\" class=\"wp-block-rss__item-publish-date\">15 de abril de 2026<\/time> <\/li><\/ul><\/aside><\/div><\/div><\/div><\/div><\/div>","protected":false},"excerpt":{"rendered":"\/* custom css *\/ .tdi_10, .tdi_10 .tdc-columns{ min-height: 0; }.tdi_10, .tdi_10 .tdc-columns{ display: block; }.tdi_10 .tdc-columns{ width: 100%; } \/* custom css *\/ .tdi_12{ vertical-align: baseline; }.tdi_12 > .wpb_wrapper, .tdi_12 > .wpb_wrapper > .tdc-elements{ display: block; }.tdi_12 > .wpb_wrapper > .tdc-elements{ width: 100%; }.tdi_12 > .wpb_wrapper > .vc_row_inner{ width: auto; }.tdi_12 > .wpb_wrapper{ width: auto; [...]","protected":false},"author":1,"featured_media":0,"parent":0,"menu_order":0,"comment_status":"closed","ping_status":"closed","template":"","meta":[],"_links":{"self":[{"href":"https:\/\/camarabaependi.mg.gov.br\/v4\/wp-json\/wp\/v2\/pages\/8378"}],"collection":[{"href":"https:\/\/camarabaependi.mg.gov.br\/v4\/wp-json\/wp\/v2\/pages"}],"about":[{"href":"https:\/\/camarabaependi.mg.gov.br\/v4\/wp-json\/wp\/v2\/types\/page"}],"author":[{"embeddable":true,"href":"https:\/\/camarabaependi.mg.gov.br\/v4\/wp-json\/wp\/v2\/users\/1"}],"replies":[{"embeddable":true,"href":"https:\/\/camarabaependi.mg.gov.br\/v4\/wp-json\/wp\/v2\/comments?post=8378"}],"version-history":[{"count":5,"href":"https:\/\/camarabaependi.mg.gov.br\/v4\/wp-json\/wp\/v2\/pages\/8378\/revisions"}],"predecessor-version":[{"id":8388,"href":"https:\/\/camarabaependi.mg.gov.br\/v4\/wp-json\/wp\/v2\/pages\/8378\/revisions\/8388"}],"wp:attachment":[{"href":"https:\/\/camarabaependi.mg.gov.br\/v4\/wp-json\/wp\/v2\/media?parent=8378"}],"curies":[{"name":"wp","href":"https:\/\/api.w.org\/{rel}","templated":true}]}}