{"id":8368,"date":"2025-05-19T22:19:49","date_gmt":"2025-05-19T22:19:49","guid":{"rendered":"https:\/\/camarabaependi.mg.gov.br\/v4\/?page_id=8368"},"modified":"2025-05-22T02:08:44","modified_gmt":"2025-05-22T02:08:44","slug":"funcionamento","status":"publish","type":"page","link":"https:\/\/camarabaependi.mg.gov.br\/v4\/funcionamento\/","title":{"rendered":"Funcionamento"},"content":{"rendered":"<div id=\"tdi_1\" class=\"tdc-row\"><div class=\"vc_row tdi_2  wpb_row td-pb-row\" >\n<style scoped>\n\n\/* custom css *\/\n.tdi_2,\r\n                .tdi_2 .tdc-columns{\r\n                    min-height: 0;\r\n                }.tdi_2,\r\n\t\t\t\t.tdi_2 .tdc-columns{\r\n\t\t\t\t    display: block;\r\n\t\t\t\t}.tdi_2 .tdc-columns{\r\n\t\t\t\t    width: 100%;\r\n\t\t\t\t}\n<\/style><div class=\"vc_column tdi_4  wpb_column vc_column_container tdc-column td-pb-span8\">\n<style scoped>\n\n\/* custom css *\/\n.tdi_4{\r\n                    vertical-align: baseline;\r\n                }.tdi_4 > .wpb_wrapper,\r\n\t\t\t\t.tdi_4 > .wpb_wrapper > .tdc-elements{\r\n\t\t\t\t    display: block;\r\n\t\t\t\t}.tdi_4 > .wpb_wrapper > .tdc-elements{\r\n\t\t\t\t    width: 100%;\r\n\t\t\t\t}.tdi_4 > .wpb_wrapper > .vc_row_inner{\r\n\t\t\t\t    width: auto;\r\n\t\t\t\t}.tdi_4 > .wpb_wrapper{\r\n\t\t\t\t    width: auto;\r\n\t\t\t\t    height: auto;\r\n\t\t\t\t}\n<\/style><div class=\"wpb_wrapper\" >[vc_column_text]\r\n<h6><a href=\"https:\/\/camarabaependi.mg.gov.br\/\">HOME<\/a> &gt; <a href=\"#\">C\u00c2MARA<\/a> &gt; <a href=\"https:\/\/camarabaependi.mg.gov.br\/v4\/funcionamento\/\">FUNCIONAMENTO<\/a><\/h6>\r\n[\/vc_column_text][vc_text_separator title=&#8221;FUNCIONAMENTO&#8221; title_align=&#8221;separator_align_left&#8221; align=&#8221;align_left&#8221;][vc_column_text]De segunda a sexta-feira: 12h \u00e0s 18h[\/vc_column_text]<\/div><\/div><div class=\"vc_column tdi_6  wpb_column vc_column_container tdc-column td-pb-span4\">\n<style scoped>\n\n\/* custom css *\/\n.tdi_6{\r\n                    vertical-align: baseline;\r\n                }.tdi_6 > .wpb_wrapper,\r\n\t\t\t\t.tdi_6 > .wpb_wrapper > .tdc-elements{\r\n\t\t\t\t    display: block;\r\n\t\t\t\t}.tdi_6 > .wpb_wrapper > .tdc-elements{\r\n\t\t\t\t    width: 100%;\r\n\t\t\t\t}.tdi_6 > .wpb_wrapper > .vc_row_inner{\r\n\t\t\t\t    width: auto;\r\n\t\t\t\t}.tdi_6 > .wpb_wrapper{\r\n\t\t\t\t    width: auto;\r\n\t\t\t\t    height: auto;\r\n\t\t\t\t}\n<\/style><div class=\"wpb_wrapper\" ><div class=\"wpb_wrapper td_block_empty_space td_block_wrap vc_empty_space tdi_8 \"  style=\"height: 25px\"><\/div><div class=\"wpb_wrapper td_block_wrap vc_widget_sidebar tdi_10 \" ><aside id=\"block-2\" class=\"td_block_template_1 widget block-2 widget_block widget_rss\"><ul class=\"wp-block-rss\"><li class='wp-block-rss__item'><div class='wp-block-rss__item-title'><a href='https:\/\/g1.globo.com\/mg\/sul-de-minas\/noticia\/2026\/04\/20\/muro-gigante-em-mg-entenda-em-5-pontos-o-caso-da-construcao-que-viralizou-e-divide-opinioes.ghtml'>Muro gigante em MG: entenda em 5 pontos o caso da constru\u00e7\u00e3o que viralizou e divide opini\u00f5es<\/a><\/div><time datetime=\"\" class=\"wp-block-rss__item-publish-date\">20 de abril de 2026<\/time> <\/li><li class='wp-block-rss__item'><div class='wp-block-rss__item-title'><a href='https:\/\/g1.globo.com\/mg\/sul-de-minas\/noticia\/2026\/04\/19\/ocorrencias-policiais-sul-de-minas.ghtml'>Homem \u00e9 preso ap\u00f3s esfaquear cliente em shopping de Pouso Alegre, MG<\/a><\/div><time datetime=\"\" class=\"wp-block-rss__item-publish-date\">19 de abril de 2026<\/time> <\/li><li class='wp-block-rss__item'><div class='wp-block-rss__item-title'><a href='https:\/\/g1.globo.com\/mg\/sul-de-minas\/noticia\/2026\/04\/19\/familia-confirma-morte-de-jovem-que-teve-o-corpo-queimado-durante-ataque-na-zona-rural-de-delfinopolis-mg.ghtml'>Fam\u00edlia confirma morte de jovem que teve o corpo queimado durante ataque na zona rural de Delfin\u00f3polis, MG<\/a><\/div><time datetime=\"\" class=\"wp-block-rss__item-publish-date\">19 de abril de 2026<\/time> <\/li><li class='wp-block-rss__item'><div class='wp-block-rss__item-title'><a href='https:\/\/g1.globo.com\/mg\/sul-de-minas\/noticia\/2026\/04\/19\/maquiador-mineiro-e-eleito-o-melhor-do-ano-por-revista-internacional-de-moda-e-sobre-constancia-e-dedicacao.ghtml'>Maquiador mineiro \u00e9 eleito o melhor do ano por revista internacional de moda: &#039;\u00c9 sobre const\u00e2ncia e dedica\u00e7\u00e3o&#039;<\/a><\/div><time datetime=\"\" class=\"wp-block-rss__item-publish-date\">19 de abril de 2026<\/time> <\/li><li class='wp-block-rss__item'><div class='wp-block-rss__item-title'><a href='https:\/\/g1.globo.com\/mg\/sul-de-minas\/noticia\/2026\/04\/19\/muro-que-viralizou-ao-bloquear-predio-em-mg-e-irregular-veja-o-que-diz-especialista.ghtml'>Muro que viralizou ao bloquear pr\u00e9dio em MG \u00e9 irregular? Veja o que diz especialista<\/a><\/div><time datetime=\"\" class=\"wp-block-rss__item-publish-date\">19 de abril de 2026<\/time> <\/li><li class='wp-block-rss__item'><div class='wp-block-rss__item-title'><a href='https:\/\/g1.globo.com\/mg\/sul-de-minas\/edicao\/2026\/04\/18\/videos-eptv-2-sul-de-minas-de-sabado-18-de-abril-de-2026.ghtml'>V\u00cdDEOS: EPTV 2 Sul de Minas de s\u00e1bado, 18 de abril de 2026<\/a><\/div><time datetime=\"\" class=\"wp-block-rss__item-publish-date\">18 de abril de 2026<\/time> <\/li><\/ul><\/aside><\/div><\/div><\/div><\/div><\/div>","protected":false},"excerpt":{"rendered":"\/* custom css *\/ .tdi_12, .tdi_12 .tdc-columns{ min-height: 0; }.tdi_12, .tdi_12 .tdc-columns{ display: block; }.tdi_12 .tdc-columns{ width: 100%; } \/* custom css *\/ .tdi_14{ vertical-align: baseline; }.tdi_14 > .wpb_wrapper, .tdi_14 > .wpb_wrapper > .tdc-elements{ display: block; }.tdi_14 > .wpb_wrapper > .tdc-elements{ width: 100%; }.tdi_14 > .wpb_wrapper > .vc_row_inner{ width: auto; }.tdi_14 > .wpb_wrapper{ width: auto; [...]","protected":false},"author":1,"featured_media":0,"parent":0,"menu_order":0,"comment_status":"closed","ping_status":"closed","template":"","meta":[],"_links":{"self":[{"href":"https:\/\/camarabaependi.mg.gov.br\/v4\/wp-json\/wp\/v2\/pages\/8368"}],"collection":[{"href":"https:\/\/camarabaependi.mg.gov.br\/v4\/wp-json\/wp\/v2\/pages"}],"about":[{"href":"https:\/\/camarabaependi.mg.gov.br\/v4\/wp-json\/wp\/v2\/types\/page"}],"author":[{"embeddable":true,"href":"https:\/\/camarabaependi.mg.gov.br\/v4\/wp-json\/wp\/v2\/users\/1"}],"replies":[{"embeddable":true,"href":"https:\/\/camarabaependi.mg.gov.br\/v4\/wp-json\/wp\/v2\/comments?post=8368"}],"version-history":[{"count":7,"href":"https:\/\/camarabaependi.mg.gov.br\/v4\/wp-json\/wp\/v2\/pages\/8368\/revisions"}],"predecessor-version":[{"id":8386,"href":"https:\/\/camarabaependi.mg.gov.br\/v4\/wp-json\/wp\/v2\/pages\/8368\/revisions\/8386"}],"wp:attachment":[{"href":"https:\/\/camarabaependi.mg.gov.br\/v4\/wp-json\/wp\/v2\/media?parent=8368"}],"curies":[{"name":"wp","href":"https:\/\/api.w.org\/{rel}","templated":true}]}}