{"id":823,"date":"2018-12-31T23:01:44","date_gmt":"2019-01-01T01:01:44","guid":{"rendered":"http:\/\/camarabaependi.mg.gov.br\/v2\/?page_id=823"},"modified":"2025-05-22T02:22:13","modified_gmt":"2025-05-22T02:22:13","slug":"admilson-de-souza-costa","status":"publish","type":"page","link":"https:\/\/camarabaependi.mg.gov.br\/v4\/admilson-de-souza-costa\/","title":{"rendered":"Admilson de Souza Costa"},"content":{"rendered":"<div id=\"tdi_1\" class=\"tdc-row\"><div class=\"vc_row tdi_2  wpb_row td-pb-row\" >\n<style scoped>\n\n\/* custom css *\/\n.tdi_2,\r\n                .tdi_2 .tdc-columns{\r\n                    min-height: 0;\r\n                }.tdi_2,\r\n\t\t\t\t.tdi_2 .tdc-columns{\r\n\t\t\t\t    display: block;\r\n\t\t\t\t}.tdi_2 .tdc-columns{\r\n\t\t\t\t    width: 100%;\r\n\t\t\t\t}\n<\/style><div class=\"vc_column tdi_4  wpb_column vc_column_container tdc-column td-pb-span8\">\n<style scoped>\n\n\/* custom css *\/\n.tdi_4{\r\n                    vertical-align: baseline;\r\n                }.tdi_4 > .wpb_wrapper,\r\n\t\t\t\t.tdi_4 > .wpb_wrapper > .tdc-elements{\r\n\t\t\t\t    display: block;\r\n\t\t\t\t}.tdi_4 > .wpb_wrapper > .tdc-elements{\r\n\t\t\t\t    width: 100%;\r\n\t\t\t\t}.tdi_4 > .wpb_wrapper > .vc_row_inner{\r\n\t\t\t\t    width: auto;\r\n\t\t\t\t}.tdi_4 > .wpb_wrapper{\r\n\t\t\t\t    width: auto;\r\n\t\t\t\t    height: auto;\r\n\t\t\t\t}\n<\/style><div class=\"wpb_wrapper\" >[vc_column_text]\r\n<h6><a href=\"https:\/\/camarabaependi.mg.gov.br\/\">HOME<\/a> &gt; <a href=\"#\">LEGISLATURA 2024\/28<\/a> &gt; <a href=\"https:\/\/camarabaependi.mg.gov.br\/v4\/admilson-de-souza-costa\/\">ADMILSON DE SOUZA COSTA<\/a><\/h6>\r\n[\/vc_column_text][vc_text_separator title=&#8221;ADMILSON DE SOUZA COSTA&#8221; title_align=&#8221;separator_align_left&#8221; align=&#8221;align_left&#8221;]<div class=\"vc_row_inner tdi_6  vc_row vc_inner wpb_row td-pb-row\" >\n<style scoped>\n\n\/* custom css *\/\n.tdi_6{\r\n                    position: relative !important;\r\n                    top: 0;\r\n                    transform: none;\r\n                    -webkit-transform: none;\r\n                }.tdi_6,\r\n\t\t\t\t.tdi_6 .tdc-inner-columns{\r\n\t\t\t\t    display: block;\r\n\t\t\t\t}.tdi_6 .tdc-inner-columns{\r\n\t\t\t\t    width: 100%;\r\n\t\t\t\t}\n<\/style><div class=\"vc_column_inner tdi_8  wpb_column vc_column_container tdc-inner-column td-pb-span6\">\n<style scoped>\n\n\/* custom css *\/\n.tdi_8{\r\n                    vertical-align: baseline;\r\n                }.tdi_8 .vc_column-inner > .wpb_wrapper,\r\n\t\t\t\t.tdi_8 .vc_column-inner > .wpb_wrapper .tdc-elements{\r\n\t\t\t\t    display: block;\r\n\t\t\t\t}.tdi_8 .vc_column-inner > .wpb_wrapper .tdc-elements{\r\n\t\t\t\t    width: 100%;\r\n\t\t\t\t}\n<\/style><div class=\"vc_column-inner\"><div class=\"wpb_wrapper\" >[vc_column_text]<img loading=\"lazy\" class=\"aligncenter wp-image-8325 size-medium\" src=\"https:\/\/camarabaependi.mg.gov.br\/v4\/wp-content\/uploads\/2025\/03\/admilson-225x300.jpeg\" alt=\"\" width=\"225\" height=\"300\" srcset=\"https:\/\/camarabaependi.mg.gov.br\/v4\/wp-content\/uploads\/2025\/03\/admilson-225x300.jpeg 225w, https:\/\/camarabaependi.mg.gov.br\/v4\/wp-content\/uploads\/2025\/03\/admilson-150x200.jpeg 150w, https:\/\/camarabaependi.mg.gov.br\/v4\/wp-content\/uploads\/2025\/03\/admilson-300x400.jpeg 300w, https:\/\/camarabaependi.mg.gov.br\/v4\/wp-content\/uploads\/2025\/03\/admilson.jpeg 320w\" sizes=\"(max-width: 225px) 100vw, 225px\" \/>[\/vc_column_text]<\/div><\/div><\/div><div class=\"vc_column_inner tdi_10  wpb_column vc_column_container tdc-inner-column td-pb-span6\">\n<style scoped>\n\n\/* custom css *\/\n.tdi_10{\r\n                    vertical-align: baseline;\r\n                }.tdi_10 .vc_column-inner > .wpb_wrapper,\r\n\t\t\t\t.tdi_10 .vc_column-inner > .wpb_wrapper .tdc-elements{\r\n\t\t\t\t    display: block;\r\n\t\t\t\t}.tdi_10 .vc_column-inner > .wpb_wrapper .tdc-elements{\r\n\t\t\t\t    width: 100%;\r\n\t\t\t\t}\n<\/style><div class=\"vc_column-inner\"><div class=\"wpb_wrapper\" >[vc_column_text]<strong>Sininho<\/strong> \u00e9\u00a0Vereador Eleito de\u00a0Baependi\u00a0pelo PARTIDO ISOLADO (REPUBLICANOS &#8211; REPUBLICANOS &#8211; BAEPENDI &#8211; MG)<strong>.<\/strong>\r\n\r\n<strong>Nome:<\/strong> ADMILSON DE SOUZA COSTA\r\n<strong>Nascimento:<\/strong> 29\/08\/1977\r\n<strong>Naturalidade:<\/strong> BAEPENDI\r\n<strong>Estado Civil:<\/strong> Casado(a)\r\n<strong>Ocupa\u00e7\u00e3o:<\/strong> TAXISTA\r\n<strong>Grau de Instru\u00e7\u00e3o:<\/strong> ENSINO M\u00c9DIO COMPLETO[\/vc_column_text]<\/div><\/div><\/div><\/div><div class=\"vc_row_inner tdi_12  vc_row vc_inner wpb_row td-pb-row\" >\n<style scoped>\n\n\/* custom css *\/\n.tdi_12{\r\n                    position: relative !important;\r\n                    top: 0;\r\n                    transform: none;\r\n                    -webkit-transform: none;\r\n                }.tdi_12,\r\n\t\t\t\t.tdi_12 .tdc-inner-columns{\r\n\t\t\t\t    display: block;\r\n\t\t\t\t}.tdi_12 .tdc-inner-columns{\r\n\t\t\t\t    width: 100%;\r\n\t\t\t\t}\n<\/style><div class=\"vc_column_inner tdi_14  wpb_column vc_column_container tdc-inner-column td-pb-span12\">\n<style scoped>\n\n\/* custom css *\/\n.tdi_14{\r\n                    vertical-align: baseline;\r\n                }.tdi_14 .vc_column-inner > .wpb_wrapper,\r\n\t\t\t\t.tdi_14 .vc_column-inner > .wpb_wrapper .tdc-elements{\r\n\t\t\t\t    display: block;\r\n\t\t\t\t}.tdi_14 .vc_column-inner > .wpb_wrapper .tdc-elements{\r\n\t\t\t\t    width: 100%;\r\n\t\t\t\t}\n<\/style><div class=\"vc_column-inner\"><div class=\"wpb_wrapper\" >[vc_basic_grid post_type=&#8221;post&#8221; max_items=&#8221;10&#8243; style=&#8221;pagination&#8221; grid_id=&#8221;vc_gid:1747880281612-773fbd92-8a68-6&#8243; taxonomies=&#8221;55&#8243;]<\/div><\/div><\/div><\/div><\/div><\/div><div class=\"vc_column tdi_16  wpb_column vc_column_container tdc-column td-pb-span4\">\n<style scoped>\n\n\/* custom css *\/\n.tdi_16{\r\n                    vertical-align: baseline;\r\n                }.tdi_16 > .wpb_wrapper,\r\n\t\t\t\t.tdi_16 > .wpb_wrapper > .tdc-elements{\r\n\t\t\t\t    display: block;\r\n\t\t\t\t}.tdi_16 > .wpb_wrapper > .tdc-elements{\r\n\t\t\t\t    width: 100%;\r\n\t\t\t\t}.tdi_16 > .wpb_wrapper > .vc_row_inner{\r\n\t\t\t\t    width: auto;\r\n\t\t\t\t}.tdi_16 > .wpb_wrapper{\r\n\t\t\t\t    width: auto;\r\n\t\t\t\t    height: auto;\r\n\t\t\t\t}\n<\/style><div class=\"wpb_wrapper\" ><div class=\"wpb_wrapper td_block_wrap vc_widget_sidebar tdi_18 \" ><aside id=\"block-2\" class=\"td_block_template_1 widget block-2 widget_block widget_rss\"><ul class=\"wp-block-rss\"><li class='wp-block-rss__item'><div class='wp-block-rss__item-title'><a href='https:\/\/g1.globo.com\/mg\/sul-de-minas\/noticia\/2026\/04\/10\/comida-di-buteco-2026-acontece-em-23-bares-de-pocos-de-caldas-veja-os-participantes.ghtml'>Comida Di Buteco 2026 acontece em 23 bares de Po\u00e7os de Caldas; veja os participantes<\/a><\/div><time datetime=\"\" class=\"wp-block-rss__item-publish-date\">10 de abril de 2026<\/time> <\/li><li class='wp-block-rss__item'><div class='wp-block-rss__item-title'><a href='https:\/\/g1.globo.com\/mg\/sul-de-minas\/noticia\/2026\/04\/10\/acidentes-transito.ghtml'>Jovem de 19 anos morre ap\u00f3s batida entre moto e \u00f4nibus escolar na zona rural de Nova Resende, MG<\/a><\/div><time datetime=\"\" class=\"wp-block-rss__item-publish-date\">10 de abril de 2026<\/time> <\/li><li class='wp-block-rss__item'><div class='wp-block-rss__item-title'><a href='https:\/\/g1.globo.com\/mg\/sul-de-minas\/edicao\/2026\/04\/10\/videos-eptv-1-sul-de-minas-de-sexta-feira-10-de-abril-de-2026.ghtml'>V\u00cdDEOS: EPTV 1 Sul de Minas de sexta-feira, 10 de abril de 2026<\/a><\/div><time datetime=\"\" class=\"wp-block-rss__item-publish-date\">10 de abril de 2026<\/time> <\/li><li class='wp-block-rss__item'><div class='wp-block-rss__item-title'><a href='https:\/\/g1.globo.com\/sp\/sao-carlos-regiao\/noticia\/2026\/04\/10\/dupla-e-presa-ao-tentar-vender-moto-furtada-em-mg-veiculo-estava-ligado-a-outro-crime-na-regiao.ghtml'>Dupla \u00e9 presa em MG ao tentar vender moto furtada em SP; ve\u00edculo estava ligado a outro crime na regi\u00e3o<\/a><\/div><time datetime=\"\" class=\"wp-block-rss__item-publish-date\">10 de abril de 2026<\/time> <\/li><li class='wp-block-rss__item'><div class='wp-block-rss__item-title'><a href='https:\/\/g1.globo.com\/mg\/sul-de-minas\/lago-de-furnas-travessia-das-aguas\/edicao\/2026\/04\/10\/videos-veja-tudo-sobre-a-travessia-das-aguas-no-lago-de-furnas.ghtml'>V\u00cdDEOS: veja tudo sobre a &#039;Travessia das \u00c1guas&#039; no Lago de Furnas<\/a><\/div><time datetime=\"\" class=\"wp-block-rss__item-publish-date\">10 de abril de 2026<\/time> <\/li><li class='wp-block-rss__item'><div class='wp-block-rss__item-title'><a href='https:\/\/g1.globo.com\/mg\/sul-de-minas\/edicao\/2026\/04\/10\/videos-bom-dia-cidade-sul-de-minas-de-sexta-feira-10-de-abril-de-2026.ghtml'>V\u00cdDEOS: Bom Dia Cidade Sul de Minas de sexta-feira, 10 de abril de 2026<\/a><\/div><time datetime=\"\" class=\"wp-block-rss__item-publish-date\">10 de abril de 2026<\/time> <\/li><\/ul><\/aside><\/div><\/div><\/div><\/div><\/div>","protected":false},"excerpt":{"rendered":"\/* custom css *\/ .tdi_20, .tdi_20 .tdc-columns{ min-height: 0; }.tdi_20, .tdi_20 .tdc-columns{ display: block; }.tdi_20 .tdc-columns{ width: 100%; } \/* custom css *\/ .tdi_22{ vertical-align: baseline; }.tdi_22 > .wpb_wrapper, .tdi_22 > .wpb_wrapper > .tdc-elements{ display: block; }.tdi_22 > .wpb_wrapper > .tdc-elements{ width: 100%; }.tdi_22 > .wpb_wrapper > .vc_row_inner{ width: auto; }.tdi_22 > .wpb_wrapper{ width: auto; [...]","protected":false},"author":1,"featured_media":0,"parent":0,"menu_order":0,"comment_status":"closed","ping_status":"closed","template":"","meta":[],"_links":{"self":[{"href":"https:\/\/camarabaependi.mg.gov.br\/v4\/wp-json\/wp\/v2\/pages\/823"}],"collection":[{"href":"https:\/\/camarabaependi.mg.gov.br\/v4\/wp-json\/wp\/v2\/pages"}],"about":[{"href":"https:\/\/camarabaependi.mg.gov.br\/v4\/wp-json\/wp\/v2\/types\/page"}],"author":[{"embeddable":true,"href":"https:\/\/camarabaependi.mg.gov.br\/v4\/wp-json\/wp\/v2\/users\/1"}],"replies":[{"embeddable":true,"href":"https:\/\/camarabaependi.mg.gov.br\/v4\/wp-json\/wp\/v2\/comments?post=823"}],"version-history":[{"count":6,"href":"https:\/\/camarabaependi.mg.gov.br\/v4\/wp-json\/wp\/v2\/pages\/823\/revisions"}],"predecessor-version":[{"id":8391,"href":"https:\/\/camarabaependi.mg.gov.br\/v4\/wp-json\/wp\/v2\/pages\/823\/revisions\/8391"}],"wp:attachment":[{"href":"https:\/\/camarabaependi.mg.gov.br\/v4\/wp-json\/wp\/v2\/media?parent=823"}],"curies":[{"name":"wp","href":"https:\/\/api.w.org\/{rel}","templated":true}]}}