{"id":8197,"date":"2025-01-09T02:31:04","date_gmt":"2025-01-09T02:31:04","guid":{"rendered":"https:\/\/camarabaependi.mg.gov.br\/v4\/?page_id=8197"},"modified":"2025-03-06T00:30:19","modified_gmt":"2025-03-06T00:30:19","slug":"greice-fernandes-dos-santos","status":"publish","type":"page","link":"https:\/\/camarabaependi.mg.gov.br\/v4\/greice-fernandes-dos-santos\/","title":{"rendered":"GREICE FERNANDES DOS SANTOS"},"content":{"rendered":"<div id=\"tdi_1\" class=\"tdc-row\"><div class=\"vc_row tdi_2  wpb_row td-pb-row\" >\n<style scoped>\n\n\/* custom css *\/\n.tdi_2,\r\n                .tdi_2 .tdc-columns{\r\n                    min-height: 0;\r\n                }.tdi_2,\r\n\t\t\t\t.tdi_2 .tdc-columns{\r\n\t\t\t\t    display: block;\r\n\t\t\t\t}.tdi_2 .tdc-columns{\r\n\t\t\t\t    width: 100%;\r\n\t\t\t\t}\n<\/style><div class=\"vc_column tdi_4  wpb_column vc_column_container tdc-column td-pb-span12\">\n<style scoped>\n\n\/* custom css *\/\n.tdi_4{\r\n                    vertical-align: baseline;\r\n                }.tdi_4 > .wpb_wrapper,\r\n\t\t\t\t.tdi_4 > .wpb_wrapper > .tdc-elements{\r\n\t\t\t\t    display: block;\r\n\t\t\t\t}.tdi_4 > .wpb_wrapper > .tdc-elements{\r\n\t\t\t\t    width: 100%;\r\n\t\t\t\t}.tdi_4 > .wpb_wrapper > .vc_row_inner{\r\n\t\t\t\t    width: auto;\r\n\t\t\t\t}.tdi_4 > .wpb_wrapper{\r\n\t\t\t\t    width: auto;\r\n\t\t\t\t    height: auto;\r\n\t\t\t\t}\n<\/style><div class=\"wpb_wrapper\" ><div class=\"wpb_wrapper td_block_empty_space td_block_wrap vc_empty_space tdi_6 \"  style=\"height: 25px\"><\/div>[vc_text_separator title=&#8221;GREICE FERNANDES DOS SANTOS&#8221; title_align=&#8221;separator_align_left&#8221; align=&#8221;align_left&#8221;]<\/div><\/div><\/div><\/div><div id=\"tdi_7\" class=\"tdc-row\"><div class=\"vc_row tdi_8  wpb_row td-pb-row\" >\n<style scoped>\n\n\/* custom css *\/\n.tdi_8,\r\n                .tdi_8 .tdc-columns{\r\n                    min-height: 0;\r\n                }.tdi_8,\r\n\t\t\t\t.tdi_8 .tdc-columns{\r\n\t\t\t\t    display: block;\r\n\t\t\t\t}.tdi_8 .tdc-columns{\r\n\t\t\t\t    width: 100%;\r\n\t\t\t\t}\n<\/style><div class=\"vc_column tdi_10  wpb_column vc_column_container tdc-column td-pb-span4\">\n<style scoped>\n\n\/* custom css *\/\n.tdi_10{\r\n                    vertical-align: baseline;\r\n                }.tdi_10 > .wpb_wrapper,\r\n\t\t\t\t.tdi_10 > .wpb_wrapper > .tdc-elements{\r\n\t\t\t\t    display: block;\r\n\t\t\t\t}.tdi_10 > .wpb_wrapper > .tdc-elements{\r\n\t\t\t\t    width: 100%;\r\n\t\t\t\t}.tdi_10 > .wpb_wrapper > .vc_row_inner{\r\n\t\t\t\t    width: auto;\r\n\t\t\t\t}.tdi_10 > .wpb_wrapper{\r\n\t\t\t\t    width: auto;\r\n\t\t\t\t    height: auto;\r\n\t\t\t\t}\n<\/style><div class=\"wpb_wrapper\" >[vc_column_text]<img loading=\"lazy\" class=\"aligncenter wp-image-8334 size-medium\" src=\"https:\/\/camarabaependi.mg.gov.br\/v4\/wp-content\/uploads\/2025\/03\/greice-225x300.jpeg\" alt=\"\" width=\"225\" height=\"300\" srcset=\"https:\/\/camarabaependi.mg.gov.br\/v4\/wp-content\/uploads\/2025\/03\/greice-225x300.jpeg 225w, https:\/\/camarabaependi.mg.gov.br\/v4\/wp-content\/uploads\/2025\/03\/greice-150x200.jpeg 150w, https:\/\/camarabaependi.mg.gov.br\/v4\/wp-content\/uploads\/2025\/03\/greice-300x400.jpeg 300w, https:\/\/camarabaependi.mg.gov.br\/v4\/wp-content\/uploads\/2025\/03\/greice.jpeg 320w\" sizes=\"(max-width: 225px) 100vw, 225px\" \/>[\/vc_column_text]<\/div><\/div><div class=\"vc_column tdi_12  wpb_column vc_column_container tdc-column td-pb-span8\">\n<style scoped>\n\n\/* custom css *\/\n.tdi_12{\r\n                    vertical-align: baseline;\r\n                }.tdi_12 > .wpb_wrapper,\r\n\t\t\t\t.tdi_12 > .wpb_wrapper > .tdc-elements{\r\n\t\t\t\t    display: block;\r\n\t\t\t\t}.tdi_12 > .wpb_wrapper > .tdc-elements{\r\n\t\t\t\t    width: 100%;\r\n\t\t\t\t}.tdi_12 > .wpb_wrapper > .vc_row_inner{\r\n\t\t\t\t    width: auto;\r\n\t\t\t\t}.tdi_12 > .wpb_wrapper{\r\n\t\t\t\t    width: auto;\r\n\t\t\t\t    height: auto;\r\n\t\t\t\t}\n<\/style><div class=\"wpb_wrapper\" >[vc_column_text]<strong>Greice Fernandes<\/strong> \u00e9 Vereadora Eleita de Baependi pelo <strong>PARTIDO ISOLADO (Partido Renova\u00e7\u00e3o Democr\u00e1tica &#8211; PRD &#8211; BAEPENDI &#8211; MG).<\/strong>\r\n\r\n<strong>Nome:<\/strong> GREICE FERNANDES DOS SANTOS\r\n<strong>Nascimento:<\/strong> 23\/10\/1997\r\n<strong>Naturalidade:<\/strong> BAEPENDI, MG\r\n<strong>Estado Civil:<\/strong> SOLTEIRO(A)\r\n<strong>Ocupa\u00e7\u00e3o:<\/strong> OUTROS\r\n<strong>Grau de Instru\u00e7\u00e3o:<\/strong> ENSINO M\u00c9DIO COMPLETO[\/vc_column_text]<\/div><\/div><\/div><\/div><div id=\"tdi_13\" class=\"tdc-row\"><div class=\"vc_row tdi_14  wpb_row td-pb-row\" >\n<style scoped>\n\n\/* custom css *\/\n.tdi_14,\r\n                .tdi_14 .tdc-columns{\r\n                    min-height: 0;\r\n                }.tdi_14,\r\n\t\t\t\t.tdi_14 .tdc-columns{\r\n\t\t\t\t    display: block;\r\n\t\t\t\t}.tdi_14 .tdc-columns{\r\n\t\t\t\t    width: 100%;\r\n\t\t\t\t}\n<\/style><div class=\"vc_column tdi_16  wpb_column vc_column_container tdc-column td-pb-span12\">\n<style scoped>\n\n\/* custom css *\/\n.tdi_16{\r\n                    vertical-align: baseline;\r\n                }.tdi_16 > .wpb_wrapper,\r\n\t\t\t\t.tdi_16 > .wpb_wrapper > .tdc-elements{\r\n\t\t\t\t    display: block;\r\n\t\t\t\t}.tdi_16 > .wpb_wrapper > .tdc-elements{\r\n\t\t\t\t    width: 100%;\r\n\t\t\t\t}.tdi_16 > .wpb_wrapper > .vc_row_inner{\r\n\t\t\t\t    width: auto;\r\n\t\t\t\t}.tdi_16 > .wpb_wrapper{\r\n\t\t\t\t    width: auto;\r\n\t\t\t\t    height: auto;\r\n\t\t\t\t}\n<\/style><div class=\"wpb_wrapper\" >[vc_text_separator title=&#8221;NOT\u00cdCIAS VINCULADAS&#8221; title_align=&#8221;separator_align_left&#8221; align=&#8221;align_left&#8221;][vc_basic_grid post_type=&#8221;post&#8221; max_items=&#8221;10&#8243; style=&#8221;pagination&#8221; grid_id=&#8221;vc_gid:1741220891648-131f2807-c0df-9&#8243; taxonomies=&#8221;53&#8243;]<\/div><\/div><\/div><\/div>","protected":false},"excerpt":{"rendered":"\/* custom css *\/ .tdi_18, .tdi_18 .tdc-columns{ min-height: 0; }.tdi_18, .tdi_18 .tdc-columns{ display: block; }.tdi_18 .tdc-columns{ width: 100%; } \/* custom css *\/ .tdi_20{ vertical-align: baseline; }.tdi_20 > .wpb_wrapper, .tdi_20 > .wpb_wrapper > .tdc-elements{ display: block; }.tdi_20 > .wpb_wrapper > .tdc-elements{ width: 100%; }.tdi_20 > .wpb_wrapper > .vc_row_inner{ width: auto; }.tdi_20 > .wpb_wrapper{ width: auto; [...]","protected":false},"author":1,"featured_media":0,"parent":0,"menu_order":0,"comment_status":"closed","ping_status":"closed","template":"","meta":[],"_links":{"self":[{"href":"https:\/\/camarabaependi.mg.gov.br\/v4\/wp-json\/wp\/v2\/pages\/8197"}],"collection":[{"href":"https:\/\/camarabaependi.mg.gov.br\/v4\/wp-json\/wp\/v2\/pages"}],"about":[{"href":"https:\/\/camarabaependi.mg.gov.br\/v4\/wp-json\/wp\/v2\/types\/page"}],"author":[{"embeddable":true,"href":"https:\/\/camarabaependi.mg.gov.br\/v4\/wp-json\/wp\/v2\/users\/1"}],"replies":[{"embeddable":true,"href":"https:\/\/camarabaependi.mg.gov.br\/v4\/wp-json\/wp\/v2\/comments?post=8197"}],"version-history":[{"count":2,"href":"https:\/\/camarabaependi.mg.gov.br\/v4\/wp-json\/wp\/v2\/pages\/8197\/revisions"}],"predecessor-version":[{"id":8335,"href":"https:\/\/camarabaependi.mg.gov.br\/v4\/wp-json\/wp\/v2\/pages\/8197\/revisions\/8335"}],"wp:attachment":[{"href":"https:\/\/camarabaependi.mg.gov.br\/v4\/wp-json\/wp\/v2\/media?parent=8197"}],"curies":[{"name":"wp","href":"https:\/\/api.w.org\/{rel}","templated":true}]}}