{"id":808,"date":"2018-12-31T18:09:30","date_gmt":"2018-12-31T20:09:30","guid":{"rendered":"http:\/\/camarabaependi.mg.gov.br\/v2\/?page_id=808"},"modified":"2022-03-28T15:57:12","modified_gmt":"2022-03-28T15:57:12","slug":"regimento-interno","status":"publish","type":"page","link":"https:\/\/camarabaependi.mg.gov.br\/v4\/regimento-interno\/","title":{"rendered":"Regimento Interno"},"content":{"rendered":"<div id=\"tdi_1\" class=\"tdc-row\"><div class=\"vc_row tdi_2  wpb_row td-pb-row\" >\n<style scoped>\n\n\/* custom css *\/\n.tdi_2,\r\n                .tdi_2 .tdc-columns{\r\n                    min-height: 0;\r\n                }.tdi_2,\r\n\t\t\t\t.tdi_2 .tdc-columns{\r\n\t\t\t\t    display: block;\r\n\t\t\t\t}.tdi_2 .tdc-columns{\r\n\t\t\t\t    width: 100%;\r\n\t\t\t\t}\n<\/style><div class=\"vc_column tdi_4  wpb_column vc_column_container tdc-column td-pb-span8\">\n<style scoped>\n\n\/* custom css *\/\n.tdi_4{\r\n                    vertical-align: baseline;\r\n                }.tdi_4 > .wpb_wrapper,\r\n\t\t\t\t.tdi_4 > .wpb_wrapper > .tdc-elements{\r\n\t\t\t\t    display: block;\r\n\t\t\t\t}.tdi_4 > .wpb_wrapper > .tdc-elements{\r\n\t\t\t\t    width: 100%;\r\n\t\t\t\t}.tdi_4 > .wpb_wrapper > .vc_row_inner{\r\n\t\t\t\t    width: auto;\r\n\t\t\t\t}.tdi_4 > .wpb_wrapper{\r\n\t\t\t\t    width: auto;\r\n\t\t\t\t    height: auto;\r\n\t\t\t\t}\n<\/style><div class=\"wpb_wrapper\" ><div class=\"wpb_wrapper td_block_empty_space td_block_wrap vc_empty_space tdi_6 \"  style=\"height: 25px\"><\/div>[vc_text_separator title=&#8221;REGIMENTO INTERNO&#8221; title_align=&#8221;separator_align_left&#8221; align=&#8221;align_left&#8221;][vc_column_text]<div class=\"wpfb-file-1399\" onclick=\"if('undefined' == typeof event.target.href) document.getElementById('wpfb-file-link-1').click();\"\r\n  style=\"background: #eee; box-shadow: 1px 1px 1px  #CCC; max-width: 100%; margin: auto; cursor:pointer; margin: 1.5em;\">\r\n\r\n<div style=\"padding: 1em; display: flex;\">\r\n  <a href=\"https:\/\/camarabaependi.mg.gov.br\/v4\/download\/regimento_interno\/Resolucao-27-2019-Novo-Regimento-Interno-2019_2.pdf\" target=\"_blank\" title=\"Download Novo Regimento Interno da C\u00e2mara Municipal de Baependi\" style=\"text-decoration: none; box-shadow: none;\" id=\"wpfb-file-link-1\"><img align=\"middle\" src=\"https:\/\/camarabaependi.mg.gov.br\/v4\/wp-includes\/images\/crystal\/document.png\" alt=\"Novo Regimento Interno da C\u00e2mara Municipal de Baependi\" style=\"max-width:5em;\" \/><\/a>\r\n  <div style=\"margin-left:1em;\">\r\n    <span style=\"font-size:1.0em;\">Novo Regimento Interno da C\u00e2mara Municipal de Baependi<\/span>  <br \/>\r\n    \r\n       \r\n  <\/div>\r\n  \r\n<\/div>\r\n\r\n \r\n  <div class=\"details\" id=\"wpfilebase-filedetails1\" style=\"display: none; background-color: #ccc; padding: 1em;\">\r\n  \r\n  <table border=\"0\">\r\n   <tr><td><strong>File Name<\/strong><\/td><td>Resolucao-27-2019-Novo-Regimento-Interno-2019_2.pdf<\/td><\/tr>\r\n   \r\n   \r\n   \r\n   \r\n   <tr><td><strong>Categoria:<\/strong><\/td><td>Regimento Interno<\/td><\/tr>\r\n   \r\n   <tr><td><strong>Data<\/strong><\/td><td>24\/07\/2025<\/td><\/tr>\r\n  <\/table>\r\n      \r\n<div style=\"clear: both;\"><\/div>\r\n  <\/div>\r\n <div style=\"clear: both;\"><\/div>\r\n<\/div>[\/vc_column_text]<\/div><\/div><div class=\"vc_column tdi_8  wpb_column vc_column_container tdc-column td-pb-span4\">\n<style scoped>\n\n\/* custom css *\/\n.tdi_8{\r\n                    vertical-align: baseline;\r\n                }.tdi_8 > .wpb_wrapper,\r\n\t\t\t\t.tdi_8 > .wpb_wrapper > .tdc-elements{\r\n\t\t\t\t    display: block;\r\n\t\t\t\t}.tdi_8 > .wpb_wrapper > .tdc-elements{\r\n\t\t\t\t    width: 100%;\r\n\t\t\t\t}.tdi_8 > .wpb_wrapper > .vc_row_inner{\r\n\t\t\t\t    width: auto;\r\n\t\t\t\t}.tdi_8 > .wpb_wrapper{\r\n\t\t\t\t    width: auto;\r\n\t\t\t\t    height: auto;\r\n\t\t\t\t}\n<\/style><div class=\"wpb_wrapper\" ><div class=\"wpb_wrapper td_block_empty_space td_block_wrap vc_empty_space tdi_10 \"  style=\"height: 25px\"><\/div><div class=\"wpb_wrapper td_block_wrap vc_widget_sidebar tdi_12 \" ><aside id=\"block-2\" class=\"td_block_template_1 widget block-2 widget_block widget_rss\"><ul class=\"wp-block-rss\"><li class='wp-block-rss__item'><div class='wp-block-rss__item-title'><a href='https:\/\/g1.globo.com\/mg\/sul-de-minas\/noticia\/2026\/04\/15\/policia-civil-indicia-companheiro-de-vitima-por-feminicidio-e-ocultacao-de-cadaver-em-varginha-mg.ghtml'>Pol\u00edcia Civil indicia companheiro de v\u00edtima por feminic\u00eddio e oculta\u00e7\u00e3o de cad\u00e1ver em Varginha, MG<\/a><\/div><time datetime=\"\" class=\"wp-block-rss__item-publish-date\">15 de abril de 2026<\/time> <\/li><li class='wp-block-rss__item'><div class='wp-block-rss__item-title'><a href='https:\/\/g1.globo.com\/mg\/sul-de-minas\/edicao\/2026\/04\/15\/videos-eptv-2-sul-de-minas-de-quarta-feira-15-de-abril-de-2026.ghtml'>V\u00cdDEOS: EPTV 2 Sul de Minas de quarta-feira, 15 de abril de 2026<\/a><\/div><time datetime=\"\" class=\"wp-block-rss__item-publish-date\">15 de abril de 2026<\/time> <\/li><li class='wp-block-rss__item'><div class='wp-block-rss__item-title'><a href='https:\/\/g1.globo.com\/mg\/sul-de-minas\/noticia\/2026\/04\/15\/caminhonete-de-prefeitura-do-norte-de-minas-e-apreendida-com-mercadorias-ilegais-na-fernao-dias.ghtml'>Caminhonete de prefeitura do Norte de Minas \u00e9 apreendida com mercadorias ilegais na Fern\u00e3o Dias<\/a><\/div><time datetime=\"\" class=\"wp-block-rss__item-publish-date\">15 de abril de 2026<\/time> <\/li><li class='wp-block-rss__item'><div class='wp-block-rss__item-title'><a href='https:\/\/g1.globo.com\/mg\/sul-de-minas\/noticia\/2026\/04\/15\/barato-da-cozinha-frango-com-mostarda-e-mel-e-opcao-economica-e-rende-ate-quatro-refeicoes.ghtml'>Barato da cozinha: frango com mostarda e mel \u00e9 op\u00e7\u00e3o econ\u00f4mica e rende at\u00e9 quatro refei\u00e7\u00f5es<\/a><\/div><time datetime=\"\" class=\"wp-block-rss__item-publish-date\">15 de abril de 2026<\/time> <\/li><li class='wp-block-rss__item'><div class='wp-block-rss__item-title'><a href='https:\/\/g1.globo.com\/mg\/sul-de-minas\/noticia\/2026\/04\/15\/justica-determina-interdicao-do-poco-secreto-por-exploracao-turistica-irregular-em-sao-tome-das-letras-mg.ghtml'>Justi\u00e7a determina interdi\u00e7\u00e3o do &#039;Po\u00e7o Secreto&#039; por explora\u00e7\u00e3o tur\u00edstica irregular em S\u00e3o Tom\u00e9 das Letras, MG<\/a><\/div><time datetime=\"\" class=\"wp-block-rss__item-publish-date\">15 de abril de 2026<\/time> <\/li><li class='wp-block-rss__item'><div class='wp-block-rss__item-title'><a href='https:\/\/g1.globo.com\/mg\/sul-de-minas\/edicao\/2026\/04\/15\/videos-eptv-1-sul-de-minas-de-quarta-feira-15-de-abril-de-2026.ghtml'>V\u00cdDEOS: EPTV 1 Sul de Minas de quarta-feira, 15 de abril de 2026<\/a><\/div><time datetime=\"\" class=\"wp-block-rss__item-publish-date\">15 de abril de 2026<\/time> <\/li><\/ul><\/aside><\/div><\/div><\/div><\/div><\/div>","protected":false},"excerpt":{"rendered":"\/* custom css *\/ .tdi_14, .tdi_14 .tdc-columns{ min-height: 0; }.tdi_14, .tdi_14 .tdc-columns{ display: block; }.tdi_14 .tdc-columns{ width: 100%; } \/* custom css *\/ .tdi_16{ vertical-align: baseline; }.tdi_16 > .wpb_wrapper, .tdi_16 > .wpb_wrapper > .tdc-elements{ display: block; }.tdi_16 > .wpb_wrapper > .tdc-elements{ width: 100%; }.tdi_16 > .wpb_wrapper > .vc_row_inner{ width: auto; }.tdi_16 > .wpb_wrapper{ width: auto; [...]","protected":false},"author":1,"featured_media":0,"parent":0,"menu_order":0,"comment_status":"closed","ping_status":"closed","template":"","meta":[],"_links":{"self":[{"href":"https:\/\/camarabaependi.mg.gov.br\/v4\/wp-json\/wp\/v2\/pages\/808"}],"collection":[{"href":"https:\/\/camarabaependi.mg.gov.br\/v4\/wp-json\/wp\/v2\/pages"}],"about":[{"href":"https:\/\/camarabaependi.mg.gov.br\/v4\/wp-json\/wp\/v2\/types\/page"}],"author":[{"embeddable":true,"href":"https:\/\/camarabaependi.mg.gov.br\/v4\/wp-json\/wp\/v2\/users\/1"}],"replies":[{"embeddable":true,"href":"https:\/\/camarabaependi.mg.gov.br\/v4\/wp-json\/wp\/v2\/comments?post=808"}],"version-history":[{"count":3,"href":"https:\/\/camarabaependi.mg.gov.br\/v4\/wp-json\/wp\/v2\/pages\/808\/revisions"}],"predecessor-version":[{"id":7753,"href":"https:\/\/camarabaependi.mg.gov.br\/v4\/wp-json\/wp\/v2\/pages\/808\/revisions\/7753"}],"wp:attachment":[{"href":"https:\/\/camarabaependi.mg.gov.br\/v4\/wp-json\/wp\/v2\/media?parent=808"}],"curies":[{"name":"wp","href":"https:\/\/api.w.org\/{rel}","templated":true}]}}