{"id":802,"date":"2018-12-31T17:33:51","date_gmt":"2018-12-31T19:33:51","guid":{"rendered":"http:\/\/camarabaependi.mg.gov.br\/v2\/?page_id=802"},"modified":"2025-05-22T02:10:37","modified_gmt":"2025-05-22T02:10:37","slug":"lei-organica","status":"publish","type":"page","link":"https:\/\/camarabaependi.mg.gov.br\/v4\/lei-organica\/","title":{"rendered":"Lei Org\u00e2nica"},"content":{"rendered":"<div id=\"tdi_1\" class=\"tdc-row\"><div class=\"vc_row tdi_2  wpb_row td-pb-row\" >\n<style scoped>\n\n\/* custom css *\/\n.tdi_2,\r\n                .tdi_2 .tdc-columns{\r\n                    min-height: 0;\r\n                }.tdi_2,\r\n\t\t\t\t.tdi_2 .tdc-columns{\r\n\t\t\t\t    display: block;\r\n\t\t\t\t}.tdi_2 .tdc-columns{\r\n\t\t\t\t    width: 100%;\r\n\t\t\t\t}\n<\/style><div class=\"vc_column tdi_4  wpb_column vc_column_container tdc-column td-pb-span8\">\n<style scoped>\n\n\/* custom css *\/\n.tdi_4{\r\n                    vertical-align: baseline;\r\n                }.tdi_4 > .wpb_wrapper,\r\n\t\t\t\t.tdi_4 > .wpb_wrapper > .tdc-elements{\r\n\t\t\t\t    display: block;\r\n\t\t\t\t}.tdi_4 > .wpb_wrapper > .tdc-elements{\r\n\t\t\t\t    width: 100%;\r\n\t\t\t\t}.tdi_4 > .wpb_wrapper > .vc_row_inner{\r\n\t\t\t\t    width: auto;\r\n\t\t\t\t}.tdi_4 > .wpb_wrapper{\r\n\t\t\t\t    width: auto;\r\n\t\t\t\t    height: auto;\r\n\t\t\t\t}\n<\/style><div class=\"wpb_wrapper\" >[vc_column_text]\r\n<h6><a href=\"https:\/\/camarabaependi.mg.gov.br\/\">HOME<\/a> &gt; <a href=\"#\">C\u00c2MARA<\/a> &gt; <a href=\"https:\/\/camarabaependi.mg.gov.br\/v4\/lei-organica\/\">LEI ORG\u00c2NICA<\/a><\/h6>\r\n[\/vc_column_text][vc_text_separator title=&#8221;LEI ORG\u00c2NICA&#8221; title_align=&#8221;separator_align_left&#8221; align=&#8221;align_left&#8221;][vc_column_text]<div class=\"wpfb-file-1247\" onclick=\"if('undefined' == typeof event.target.href) document.getElementById('wpfb-file-link-1').click();\"\r\n  style=\"background: #eee; box-shadow: 1px 1px 1px  #CCC; max-width: 100%; margin: auto; cursor:pointer; margin: 1.5em;\">\r\n\r\n<div style=\"padding: 1em; display: flex;\">\r\n  <a href=\"https:\/\/camarabaependi.mg.gov.br\/v4\/download\/lei_org\u00e2nica\/LOM-de-Baependi-Consolidada-dezembro-2023.doc.pdf\" target=\"_blank\" title=\"Download LOM De Baependi Consolidada Dezembro-2023\" style=\"text-decoration: none; box-shadow: none;\" id=\"wpfb-file-link-1\"><img align=\"middle\" src=\"https:\/\/camarabaependi.mg.gov.br\/v4\/wp-includes\/images\/crystal\/document.png\" alt=\"LOM De Baependi Consolidada Dezembro-2023\" style=\"max-width:5em;\" \/><\/a>\r\n  <div style=\"margin-left:1em;\">\r\n    <span style=\"font-size:1.0em;\">LOM De Baependi Consolidada Dezembro-2023<\/span>  <br \/>\r\n    \r\n       \r\n  <\/div>\r\n  \r\n<\/div>\r\n\r\n \r\n  <div class=\"details\" id=\"wpfilebase-filedetails1\" style=\"display: none; background-color: #ccc; padding: 1em;\">\r\n  \r\n  <table border=\"0\">\r\n   <tr><td><strong>File Name<\/strong><\/td><td>LOM-de-Baependi-Consolidada-dezembro-2023.doc.pdf<\/td><\/tr>\r\n   \r\n   \r\n   \r\n   \r\n   <tr><td><strong>Categoria:<\/strong><\/td><td>Lei Org\u00e2nica<\/td><\/tr>\r\n   \r\n   <tr><td><strong>Data<\/strong><\/td><td>29\/12\/2023<\/td><\/tr>\r\n  <\/table>\r\n      \r\n<div style=\"clear: both;\"><\/div>\r\n  <\/div>\r\n <div style=\"clear: both;\"><\/div>\r\n<\/div><div class=\"wpfb-file-1245\" onclick=\"if('undefined' == typeof event.target.href) document.getElementById('wpfb-file-link-2').click();\"\r\n  style=\"background: #eee; box-shadow: 1px 1px 1px  #CCC; max-width: 100%; margin: auto; cursor:pointer; margin: 1.5em;\">\r\n\r\n<div style=\"padding: 1em; display: flex;\">\r\n  <a href=\"https:\/\/camarabaependi.mg.gov.br\/v4\/download\/lei_org\u00e2nica\/EMENDA-LOM-No-7-2023.pdf\" target=\"_blank\" title=\"Download EMENDA LOM N\u00ba 7-2023\" style=\"text-decoration: none; box-shadow: none;\" id=\"wpfb-file-link-2\"><img align=\"middle\" src=\"https:\/\/camarabaependi.mg.gov.br\/v4\/wp-includes\/images\/crystal\/document.png\" alt=\"EMENDA LOM N\u00ba 7-2023\" style=\"max-width:5em;\" \/><\/a>\r\n  <div style=\"margin-left:1em;\">\r\n    <span style=\"font-size:1.0em;\">EMENDA LOM N\u00ba 7-2023<\/span>  <br \/>\r\n    \r\n       \r\n  <\/div>\r\n  \r\n<\/div>\r\n\r\n \r\n  <div class=\"details\" id=\"wpfilebase-filedetails2\" style=\"display: none; background-color: #ccc; padding: 1em;\">\r\n  \r\n  <table border=\"0\">\r\n   <tr><td><strong>File Name<\/strong><\/td><td>EMENDA-LOM-No-7-2023.pdf<\/td><\/tr>\r\n   \r\n   \r\n   \r\n   \r\n   <tr><td><strong>Categoria:<\/strong><\/td><td>Lei Org\u00e2nica<\/td><\/tr>\r\n   \r\n   <tr><td><strong>Data<\/strong><\/td><td>29\/12\/2023<\/td><\/tr>\r\n  <\/table>\r\n      \r\n<div style=\"clear: both;\"><\/div>\r\n  <\/div>\r\n <div style=\"clear: both;\"><\/div>\r\n<\/div><div class=\"wpfb-file-1181\" onclick=\"if('undefined' == typeof event.target.href) document.getElementById('wpfb-file-link-3').click();\"\r\n  style=\"background: #eee; box-shadow: 1px 1px 1px  #CCC; max-width: 100%; margin: auto; cursor:pointer; margin: 1.5em;\">\r\n\r\n<div style=\"padding: 1em; display: flex;\">\r\n  <a href=\"https:\/\/camarabaependi.mg.gov.br\/v4\/download\/lei_org\u00e2nica\/EMENDA-LOM-No-6-2023.pdf\" target=\"_blank\" title=\"Download EMENDA LOM N\u00ba 6-2023\" style=\"text-decoration: none; box-shadow: none;\" id=\"wpfb-file-link-3\"><img align=\"middle\" src=\"https:\/\/camarabaependi.mg.gov.br\/v4\/wp-includes\/images\/crystal\/document.png\" alt=\"EMENDA LOM N\u00ba 6-2023\" style=\"max-width:5em;\" \/><\/a>\r\n  <div style=\"margin-left:1em;\">\r\n    <span style=\"font-size:1.0em;\">EMENDA LOM N\u00ba 6-2023<\/span>  <br \/>\r\n    \r\n       \r\n  <\/div>\r\n  \r\n<\/div>\r\n\r\n \r\n  <div class=\"details\" id=\"wpfilebase-filedetails3\" style=\"display: none; background-color: #ccc; padding: 1em;\">\r\n  \r\n  <table border=\"0\">\r\n   <tr><td><strong>File Name<\/strong><\/td><td>EMENDA-LOM-No-6-2023.pdf<\/td><\/tr>\r\n   \r\n   \r\n   \r\n   \r\n   <tr><td><strong>Categoria:<\/strong><\/td><td>Lei Org\u00e2nica<\/td><\/tr>\r\n   \r\n   <tr><td><strong>Data<\/strong><\/td><td>05\/07\/2023<\/td><\/tr>\r\n  <\/table>\r\n      \r\n<div style=\"clear: both;\"><\/div>\r\n  <\/div>\r\n <div style=\"clear: both;\"><\/div>\r\n<\/div><div class=\"wpfb-file-1180\" onclick=\"if('undefined' == typeof event.target.href) document.getElementById('wpfb-file-link-4').click();\"\r\n  style=\"background: #eee; box-shadow: 1px 1px 1px  #CCC; max-width: 100%; margin: auto; cursor:pointer; margin: 1.5em;\">\r\n\r\n<div style=\"padding: 1em; display: flex;\">\r\n  <a href=\"https:\/\/camarabaependi.mg.gov.br\/v4\/download\/lei_org\u00e2nica\/EMENDA-LOM-No-5-2023.pdf\" target=\"_blank\" title=\"Download EMENDA LOM N\u00ba 5-2023\" style=\"text-decoration: none; box-shadow: none;\" id=\"wpfb-file-link-4\"><img align=\"middle\" src=\"https:\/\/camarabaependi.mg.gov.br\/v4\/wp-includes\/images\/crystal\/document.png\" alt=\"EMENDA LOM N\u00ba 5-2023\" style=\"max-width:5em;\" \/><\/a>\r\n  <div style=\"margin-left:1em;\">\r\n    <span style=\"font-size:1.0em;\">EMENDA LOM N\u00ba 5-2023<\/span>  <br \/>\r\n    \r\n       \r\n  <\/div>\r\n  \r\n<\/div>\r\n\r\n \r\n  <div class=\"details\" id=\"wpfilebase-filedetails4\" style=\"display: none; background-color: #ccc; padding: 1em;\">\r\n  \r\n  <table border=\"0\">\r\n   <tr><td><strong>File Name<\/strong><\/td><td>EMENDA-LOM-No-5-2023.pdf<\/td><\/tr>\r\n   \r\n   \r\n   \r\n   \r\n   <tr><td><strong>Categoria:<\/strong><\/td><td>Lei Org\u00e2nica<\/td><\/tr>\r\n   \r\n   <tr><td><strong>Data<\/strong><\/td><td>05\/07\/2023<\/td><\/tr>\r\n  <\/table>\r\n      \r\n<div style=\"clear: both;\"><\/div>\r\n  <\/div>\r\n <div style=\"clear: both;\"><\/div>\r\n<\/div><div class=\"wpfb-file-1179\" onclick=\"if('undefined' == typeof event.target.href) document.getElementById('wpfb-file-link-5').click();\"\r\n  style=\"background: #eee; box-shadow: 1px 1px 1px  #CCC; max-width: 100%; margin: auto; cursor:pointer; margin: 1.5em;\">\r\n\r\n<div style=\"padding: 1em; display: flex;\">\r\n  <a href=\"https:\/\/camarabaependi.mg.gov.br\/v4\/download\/lei_org\u00e2nica\/EMENDA-LOM-No-4-2023.pdf\" target=\"_blank\" title=\"Download EMENDA LOM N\u00ba 4-2023\" style=\"text-decoration: none; box-shadow: none;\" id=\"wpfb-file-link-5\"><img align=\"middle\" src=\"https:\/\/camarabaependi.mg.gov.br\/v4\/wp-includes\/images\/crystal\/document.png\" alt=\"EMENDA LOM N\u00ba 4-2023\" style=\"max-width:5em;\" \/><\/a>\r\n  <div style=\"margin-left:1em;\">\r\n    <span style=\"font-size:1.0em;\">EMENDA LOM N\u00ba 4-2023<\/span>  <br \/>\r\n    \r\n       \r\n  <\/div>\r\n  \r\n<\/div>\r\n\r\n \r\n  <div class=\"details\" id=\"wpfilebase-filedetails5\" style=\"display: none; background-color: #ccc; padding: 1em;\">\r\n  \r\n  <table border=\"0\">\r\n   <tr><td><strong>File Name<\/strong><\/td><td>EMENDA-LOM-No-4-2023.pdf<\/td><\/tr>\r\n   \r\n   \r\n   \r\n   \r\n   <tr><td><strong>Categoria:<\/strong><\/td><td>Lei Org\u00e2nica<\/td><\/tr>\r\n   \r\n   <tr><td><strong>Data<\/strong><\/td><td>05\/07\/2023<\/td><\/tr>\r\n  <\/table>\r\n      \r\n<div style=\"clear: both;\"><\/div>\r\n  <\/div>\r\n <div style=\"clear: both;\"><\/div>\r\n<\/div><div class=\"wpfb-file-1178\" onclick=\"if('undefined' == typeof event.target.href) document.getElementById('wpfb-file-link-6').click();\"\r\n  style=\"background: #eee; box-shadow: 1px 1px 1px  #CCC; max-width: 100%; margin: auto; cursor:pointer; margin: 1.5em;\">\r\n\r\n<div style=\"padding: 1em; display: flex;\">\r\n  <a href=\"https:\/\/camarabaependi.mg.gov.br\/v4\/download\/lei_org\u00e2nica\/EMENDA-LOM-No-3-2022.pdf\" target=\"_blank\" title=\"Download EMENDA LOM N\u00ba 3-2022\" style=\"text-decoration: none; box-shadow: none;\" id=\"wpfb-file-link-6\"><img align=\"middle\" src=\"https:\/\/camarabaependi.mg.gov.br\/v4\/wp-includes\/images\/crystal\/document.png\" alt=\"EMENDA LOM N\u00ba 3-2022\" style=\"max-width:5em;\" \/><\/a>\r\n  <div style=\"margin-left:1em;\">\r\n    <span style=\"font-size:1.0em;\">EMENDA LOM N\u00ba 3-2022<\/span>  <br \/>\r\n    \r\n       \r\n  <\/div>\r\n  \r\n<\/div>\r\n\r\n \r\n  <div class=\"details\" id=\"wpfilebase-filedetails6\" style=\"display: none; background-color: #ccc; padding: 1em;\">\r\n  \r\n  <table border=\"0\">\r\n   <tr><td><strong>File Name<\/strong><\/td><td>EMENDA-LOM-No-3-2022.pdf<\/td><\/tr>\r\n   \r\n   \r\n   \r\n   \r\n   <tr><td><strong>Categoria:<\/strong><\/td><td>Lei Org\u00e2nica<\/td><\/tr>\r\n   \r\n   <tr><td><strong>Data<\/strong><\/td><td>05\/07\/2023<\/td><\/tr>\r\n  <\/table>\r\n      \r\n<div style=\"clear: both;\"><\/div>\r\n  <\/div>\r\n <div style=\"clear: both;\"><\/div>\r\n<\/div><div class=\"wpfb-file-1177\" onclick=\"if('undefined' == typeof event.target.href) document.getElementById('wpfb-file-link-7').click();\"\r\n  style=\"background: #eee; box-shadow: 1px 1px 1px  #CCC; max-width: 100%; margin: auto; cursor:pointer; margin: 1.5em;\">\r\n\r\n<div style=\"padding: 1em; display: flex;\">\r\n  <a href=\"https:\/\/camarabaependi.mg.gov.br\/v4\/download\/lei_org\u00e2nica\/EMENDA-LOM-No-2-2022.pdf\" target=\"_blank\" title=\"Download EMENDA LOM N\u00ba 2-2022\" style=\"text-decoration: none; box-shadow: none;\" id=\"wpfb-file-link-7\"><img align=\"middle\" src=\"https:\/\/camarabaependi.mg.gov.br\/v4\/wp-includes\/images\/crystal\/document.png\" alt=\"EMENDA LOM N\u00ba 2-2022\" style=\"max-width:5em;\" \/><\/a>\r\n  <div style=\"margin-left:1em;\">\r\n    <span style=\"font-size:1.0em;\">EMENDA LOM N\u00ba 2-2022<\/span>  <br \/>\r\n    \r\n       \r\n  <\/div>\r\n  \r\n<\/div>\r\n\r\n \r\n  <div class=\"details\" id=\"wpfilebase-filedetails7\" style=\"display: none; background-color: #ccc; padding: 1em;\">\r\n  \r\n  <table border=\"0\">\r\n   <tr><td><strong>File Name<\/strong><\/td><td>EMENDA-LOM-No-2-2022.pdf<\/td><\/tr>\r\n   \r\n   \r\n   \r\n   \r\n   <tr><td><strong>Categoria:<\/strong><\/td><td>Lei Org\u00e2nica<\/td><\/tr>\r\n   \r\n   <tr><td><strong>Data<\/strong><\/td><td>05\/07\/2023<\/td><\/tr>\r\n  <\/table>\r\n      \r\n<div style=\"clear: both;\"><\/div>\r\n  <\/div>\r\n <div style=\"clear: both;\"><\/div>\r\n<\/div><div class=\"wpfb-file-1176\" onclick=\"if('undefined' == typeof event.target.href) document.getElementById('wpfb-file-link-8').click();\"\r\n  style=\"background: #eee; box-shadow: 1px 1px 1px  #CCC; max-width: 100%; margin: auto; cursor:pointer; margin: 1.5em;\">\r\n\r\n<div style=\"padding: 1em; display: flex;\">\r\n  <a href=\"https:\/\/camarabaependi.mg.gov.br\/v4\/download\/lei_org\u00e2nica\/EMENDA-LOM-No-1-2021.pdf\" target=\"_blank\" title=\"Download EMENDA LOM N\u00ba 1-2021\" style=\"text-decoration: none; box-shadow: none;\" id=\"wpfb-file-link-8\"><img align=\"middle\" src=\"https:\/\/camarabaependi.mg.gov.br\/v4\/wp-includes\/images\/crystal\/document.png\" alt=\"EMENDA LOM N\u00ba 1-2021\" style=\"max-width:5em;\" \/><\/a>\r\n  <div style=\"margin-left:1em;\">\r\n    <span style=\"font-size:1.0em;\">EMENDA LOM N\u00ba 1-2021<\/span>  <br \/>\r\n    \r\n       \r\n  <\/div>\r\n  \r\n<\/div>\r\n\r\n \r\n  <div class=\"details\" id=\"wpfilebase-filedetails8\" style=\"display: none; background-color: #ccc; padding: 1em;\">\r\n  \r\n  <table border=\"0\">\r\n   <tr><td><strong>File Name<\/strong><\/td><td>EMENDA-LOM-No-1-2021.pdf<\/td><\/tr>\r\n   \r\n   \r\n   \r\n   \r\n   <tr><td><strong>Categoria:<\/strong><\/td><td>Lei Org\u00e2nica<\/td><\/tr>\r\n   \r\n   <tr><td><strong>Data<\/strong><\/td><td>05\/07\/2023<\/td><\/tr>\r\n  <\/table>\r\n      \r\n<div style=\"clear: both;\"><\/div>\r\n  <\/div>\r\n <div style=\"clear: both;\"><\/div>\r\n<\/div>[\/vc_column_text]<\/div><\/div><div class=\"vc_column tdi_6  wpb_column vc_column_container tdc-column td-pb-span4\">\n<style scoped>\n\n\/* custom css *\/\n.tdi_6{\r\n                    vertical-align: baseline;\r\n                }.tdi_6 > .wpb_wrapper,\r\n\t\t\t\t.tdi_6 > .wpb_wrapper > .tdc-elements{\r\n\t\t\t\t    display: block;\r\n\t\t\t\t}.tdi_6 > .wpb_wrapper > .tdc-elements{\r\n\t\t\t\t    width: 100%;\r\n\t\t\t\t}.tdi_6 > .wpb_wrapper > .vc_row_inner{\r\n\t\t\t\t    width: auto;\r\n\t\t\t\t}.tdi_6 > .wpb_wrapper{\r\n\t\t\t\t    width: auto;\r\n\t\t\t\t    height: auto;\r\n\t\t\t\t}\n<\/style><div class=\"wpb_wrapper\" ><div class=\"wpb_wrapper td_block_empty_space td_block_wrap vc_empty_space tdi_8 \"  style=\"height: 25px\"><\/div><div class=\"wpb_wrapper td_block_wrap vc_widget_sidebar tdi_10 \" ><aside id=\"block-2\" class=\"td_block_template_1 widget block-2 widget_block widget_rss\"><ul class=\"wp-block-rss\"><li class='wp-block-rss__item'><div class='wp-block-rss__item-title'><a href='https:\/\/g1.globo.com\/mg\/sul-de-minas\/noticia\/2026\/04\/20\/muro-gigante-em-mg-entenda-em-5-pontos-o-caso-da-construcao-que-viralizou-e-divide-opinioes.ghtml'>Muro gigante em MG: entenda em 5 pontos o caso da constru\u00e7\u00e3o que viralizou e divide opini\u00f5es<\/a><\/div><time datetime=\"\" class=\"wp-block-rss__item-publish-date\">20 de abril de 2026<\/time> <\/li><li class='wp-block-rss__item'><div class='wp-block-rss__item-title'><a href='https:\/\/g1.globo.com\/mg\/sul-de-minas\/noticia\/2026\/04\/19\/ocorrencias-policiais-sul-de-minas.ghtml'>Homem \u00e9 preso ap\u00f3s esfaquear cliente em shopping de Pouso Alegre, MG<\/a><\/div><time datetime=\"\" class=\"wp-block-rss__item-publish-date\">19 de abril de 2026<\/time> <\/li><li class='wp-block-rss__item'><div class='wp-block-rss__item-title'><a href='https:\/\/g1.globo.com\/mg\/sul-de-minas\/noticia\/2026\/04\/19\/familia-confirma-morte-de-jovem-que-teve-o-corpo-queimado-durante-ataque-na-zona-rural-de-delfinopolis-mg.ghtml'>Fam\u00edlia confirma morte de jovem que teve o corpo queimado durante ataque na zona rural de Delfin\u00f3polis, MG<\/a><\/div><time datetime=\"\" class=\"wp-block-rss__item-publish-date\">19 de abril de 2026<\/time> <\/li><li class='wp-block-rss__item'><div class='wp-block-rss__item-title'><a href='https:\/\/g1.globo.com\/mg\/sul-de-minas\/noticia\/2026\/04\/19\/maquiador-mineiro-e-eleito-o-melhor-do-ano-por-revista-internacional-de-moda-e-sobre-constancia-e-dedicacao.ghtml'>Maquiador mineiro \u00e9 eleito o melhor do ano por revista internacional de moda: &#039;\u00c9 sobre const\u00e2ncia e dedica\u00e7\u00e3o&#039;<\/a><\/div><time datetime=\"\" class=\"wp-block-rss__item-publish-date\">19 de abril de 2026<\/time> <\/li><li class='wp-block-rss__item'><div class='wp-block-rss__item-title'><a href='https:\/\/g1.globo.com\/mg\/sul-de-minas\/noticia\/2026\/04\/19\/muro-que-viralizou-ao-bloquear-predio-em-mg-e-irregular-veja-o-que-diz-especialista.ghtml'>Muro que viralizou ao bloquear pr\u00e9dio em MG \u00e9 irregular? Veja o que diz especialista<\/a><\/div><time datetime=\"\" class=\"wp-block-rss__item-publish-date\">19 de abril de 2026<\/time> <\/li><li class='wp-block-rss__item'><div class='wp-block-rss__item-title'><a href='https:\/\/g1.globo.com\/mg\/sul-de-minas\/edicao\/2026\/04\/18\/videos-eptv-2-sul-de-minas-de-sabado-18-de-abril-de-2026.ghtml'>V\u00cdDEOS: EPTV 2 Sul de Minas de s\u00e1bado, 18 de abril de 2026<\/a><\/div><time datetime=\"\" class=\"wp-block-rss__item-publish-date\">18 de abril de 2026<\/time> <\/li><\/ul><\/aside><\/div><\/div><\/div><\/div><\/div>","protected":false},"excerpt":{"rendered":"\/* custom css *\/ .tdi_12, .tdi_12 .tdc-columns{ min-height: 0; }.tdi_12, .tdi_12 .tdc-columns{ display: block; }.tdi_12 .tdc-columns{ width: 100%; } \/* custom css *\/ .tdi_14{ vertical-align: baseline; }.tdi_14 > .wpb_wrapper, .tdi_14 > .wpb_wrapper > .tdc-elements{ display: block; }.tdi_14 > .wpb_wrapper > .tdc-elements{ width: 100%; }.tdi_14 > .wpb_wrapper > .vc_row_inner{ width: auto; }.tdi_14 > .wpb_wrapper{ width: auto; [...]","protected":false},"author":1,"featured_media":0,"parent":0,"menu_order":0,"comment_status":"closed","ping_status":"closed","template":"","meta":[],"_links":{"self":[{"href":"https:\/\/camarabaependi.mg.gov.br\/v4\/wp-json\/wp\/v2\/pages\/802"}],"collection":[{"href":"https:\/\/camarabaependi.mg.gov.br\/v4\/wp-json\/wp\/v2\/pages"}],"about":[{"href":"https:\/\/camarabaependi.mg.gov.br\/v4\/wp-json\/wp\/v2\/types\/page"}],"author":[{"embeddable":true,"href":"https:\/\/camarabaependi.mg.gov.br\/v4\/wp-json\/wp\/v2\/users\/1"}],"replies":[{"embeddable":true,"href":"https:\/\/camarabaependi.mg.gov.br\/v4\/wp-json\/wp\/v2\/comments?post=802"}],"version-history":[{"count":8,"href":"https:\/\/camarabaependi.mg.gov.br\/v4\/wp-json\/wp\/v2\/pages\/802\/revisions"}],"predecessor-version":[{"id":8387,"href":"https:\/\/camarabaependi.mg.gov.br\/v4\/wp-json\/wp\/v2\/pages\/802\/revisions\/8387"}],"wp:attachment":[{"href":"https:\/\/camarabaependi.mg.gov.br\/v4\/wp-json\/wp\/v2\/media?parent=802"}],"curies":[{"name":"wp","href":"https:\/\/api.w.org\/{rel}","templated":true}]}}